{"id":855,"date":"2025-09-08T17:53:23","date_gmt":"2025-09-08T15:53:23","guid":{"rendered":"https:\/\/www.cieleszevadees.com\/?page_id=855"},"modified":"2026-01-04T15:23:41","modified_gmt":"2026-01-04T14:23:41","slug":"ca-tourne-pas-rond","status":"publish","type":"page","link":"https:\/\/www.cieleszevadees.com\/index.php\/ca-tourne-pas-rond\/","title":{"rendered":"\u00c7a tourne pas rond"},"content":{"rendered":"\n<p><\/p>\n\n\n\n<p><\/p>\n\n\n\n<p><\/p>\n\n\n\n<p class=\"has-text-align-center has-system-font-font-family\" style=\"padding-top:var(--wp--preset--spacing--30);padding-bottom:var(--wp--preset--spacing--30);font-size:clamp(0.875rem, 0.875rem + ((1vw - 0.2rem) * 0.773), 1.3rem);\"><em>Cette pi\u00e8ce que l\u2019on pourrait d\u00e9finir comme une fable artistique dans\u00e9e invite \u00e0 faire  un pas de c\u00f4t\u00e9, comme pour, peut-\u00eatre, red\u00e9couvrir ce qui nous entoure, red\u00e9finir la \u00ab norme \u00bb dans ce monde fou.<\/em><\/p>\n\n\n\n<p><\/p>\n\n\n\n<p><\/p>\n\n\n\n<p><\/p>\n\n\n\n<p><\/p>\n\n\n\n<p><\/p>\n\n\n\n<p class=\"has-text-align-center has-system-font-font-family\" style=\"font-style:normal;font-weight:300\">Les Z&rsquo;\u00e9vad\u00e9es sont deux personnages \u00e9tranges qui vous entra\u00eenent dans leurs<br>p\u00e9r\u00e9grinations, aventures et rencontres diverses, au fil de chapitres diff\u00e9rents.<br>On ne sait d&rsquo;o\u00f9 elles viennent, on ne sait o\u00f9 elles vont, mais qu&rsquo;importe,<br>car c&rsquo;est le voyage qui les int\u00e9resse.<\/p>\n\n\n\n<p class=\"has-text-align-center has-system-font-font-family\" style=\"font-style:normal;font-weight:300\"><br>Un peu comme nos doubles, elles portent un regard in\u00e9dit sur des situations<br>dr\u00f4latiques ou dramatiques qu&rsquo;elles traversent.<br>Comme nous, elles ressentent l&rsquo;urgence de r\u00e9agir, \u00e0 travers le corps, le mouvement,<br>et une esth\u00e9tique convoquant sur sc\u00e8ne les arts plastiques comme partie<br>int\u00e9grante du spectacle.<\/p>\n\n\n\n<p class=\"has-text-align-center has-system-font-font-family\" style=\"font-style:normal;font-weight:300\"><br><em>\u00c7a tourne pas rond<\/em> est le nouveau chapitre des aventures de ce duo qui porte \u00e0 la fois notre vision artistique et nos pr\u00e9occupations citoyennes dans le monde<br>qui nous entoure.<\/p>\n\n\n\n<p class=\"has-text-align-center has-system-font-font-family\" style=\"font-style:normal;font-weight:300\"><br>Pour un moment suspendu, hors du temps, laissons-nous entra\u00eener dans cette<br>nouvelle aventure, posons sur le monde un regard neuf, d\u00e9cal\u00e9, mettons-nous dans<br>la peau de l&rsquo;inconnu, celui qui vient d&rsquo;ailleurs, qui n&rsquo;a pas \u00ab les codes \u00bb.<br>Le th\u00e8me de l&rsquo;\u00e9tranget\u00e9 est encore une fois ici primordial car il permet d\u2019offrir un<br>autre point de vue.<\/p>\n\n\n\n<p class=\"has-text-align-center has-system-font-font-family\" style=\"font-style:normal;font-weight:300\"><\/p>\n\n\n\n<p><\/p>\n\n\n\n<p><\/p>\n\n\n\n<p class=\"has-text-align-center has-base-color has-text-color has-link-color has-system-font-font-family has-medium-font-size wp-elements-e22649bdfc1aaeba396fb729f7a6efe3\" style=\"padding-top:var(--wp--preset--spacing--30);padding-bottom:var(--wp--preset--spacing--30);font-style:normal;font-weight:300\">D\u00e9couvrez le teaser <a href=\"https:\/\/youtu.be\/OgNo2ZKPYDA\" data-type=\"link\" data-id=\"https:\/\/youtu.be\/OgNo2ZKPYDA\">ici<\/a><\/p>\n\n\n\n<p><\/p>\n\n\n\n<p><\/p>\n\n\n\n<p class=\"has-system-font-font-family has-small-font-size\" style=\"font-style:normal;font-weight:300\">Direction artistique et interpr\u00e9tation : Cathy H\u00e9rouard et M\u00e9lissa Martinez<\/p>\n\n\n\n<p class=\"has-system-font-font-family has-small-font-size\" style=\"font-style:normal;font-weight:300\">Sons et lumi\u00e8res : Nicolas P\u00e9nicaud<\/p>\n\n\n\n<p><\/p>\n\n\n\n<p class=\"has-system-font-font-family has-small-font-size\" style=\"font-style:normal;font-weight:300\">Soutiens &amp; partenaires : <\/p>\n\n\n\n<p class=\"has-system-font-font-family has-small-font-size\" style=\"font-style:normal;font-weight:300\">Th\u00e9\u00e2tre la galerie verbale Le Paradis (P\u00e9rigueux), salle du p&rsquo;tit chat noir la Gargouille (Bergerac)<\/p>\n\n\n\n<p><\/p>\n\n\n\n<p class=\"has-system-font-font-family\" style=\"padding-top:var(--wp--preset--spacing--30);padding-bottom:var(--wp--preset--spacing--30)\">Prochains rdv :<\/p>\n\n\n\n<p class=\"has-system-font-font-family\">Du <strong>17 janvier au 8 mars 2026<\/strong> : <strong>Th\u00e9\u00e2tre la crois\u00e9e des chemins, Paris (19\u00b0) <\/strong>Repr\u00e9sentations tous les samedis et dimanches \u00e0 17h. <\/p>\n\n\n\n<p class=\"has-base-color has-text-color has-link-color has-system-font-font-family wp-elements-ae94d9d4f023a415de4fdabceb112ab4\">Infos &amp; r\u00e9servations <a href=\"https:\/\/www.theatrelacroiseedeschemins.com\/programmation\/-%C3%A7a-tourne-pas-rond\" data-type=\"link\" data-id=\"https:\/\/www.theatrelacroiseedeschemins.com\/programmation\/-%C3%A7a-tourne-pas-rond\">ICI<\/a><\/p>\n\n\n\n<p class=\"has-system-font-font-family\" style=\"padding-top:var(--wp--preset--spacing--30);padding-bottom:var(--wp--preset--spacing--30)\"><\/p>\n\n\n\n<p><\/p>\n\n\n\n<figure class=\"wp-block-gallery has-nested-images columns-default is-cropped wp-block-gallery-1 is-layout-flex wp-block-gallery-is-layout-flex\" style=\"border-style:none;border-width:0px\">\n<figure class=\"wp-block-image size-large\"><img loading=\"lazy\" decoding=\"async\" width=\"575\" height=\"1024\" data-id=\"871\" src=\"https:\/\/www.cieleszevadees.com\/wp-content\/uploads\/2025\/09\/leszevadeeschapIIIplateau1-71-1-575x1024.jpg\" alt=\"\" class=\"wp-image-871\" srcset=\"https:\/\/www.cieleszevadees.com\/wp-content\/uploads\/2025\/09\/leszevadeeschapIIIplateau1-71-1-575x1024.jpg 575w, https:\/\/www.cieleszevadees.com\/wp-content\/uploads\/2025\/09\/leszevadeeschapIIIplateau1-71-1-168x300.jpg 168w, https:\/\/www.cieleszevadees.com\/wp-content\/uploads\/2025\/09\/leszevadeeschapIIIplateau1-71-1-768x1368.jpg 768w, https:\/\/www.cieleszevadees.com\/wp-content\/uploads\/2025\/09\/leszevadeeschapIIIplateau1-71-1-862x1536.jpg 862w, https:\/\/www.cieleszevadees.com\/wp-content\/uploads\/2025\/09\/leszevadeeschapIIIplateau1-71-1-1150x2048.jpg 1150w, https:\/\/www.cieleszevadees.com\/wp-content\/uploads\/2025\/09\/leszevadeeschapIIIplateau1-71-1-scaled.jpg 1437w\" sizes=\"auto, (max-width: 575px) 100vw, 575px\" \/><\/figure>\n\n\n\n<figure class=\"wp-block-image size-large\"><img loading=\"lazy\" decoding=\"async\" width=\"575\" height=\"1024\" data-id=\"869\" src=\"https:\/\/www.cieleszevadees.com\/wp-content\/uploads\/2025\/09\/leszevadeeschapIIIplateau1-67-1-575x1024.jpg\" alt=\"\" class=\"wp-image-869\" srcset=\"https:\/\/www.cieleszevadees.com\/wp-content\/uploads\/2025\/09\/leszevadeeschapIIIplateau1-67-1-575x1024.jpg 575w, https:\/\/www.cieleszevadees.com\/wp-content\/uploads\/2025\/09\/leszevadeeschapIIIplateau1-67-1-168x300.jpg 168w, https:\/\/www.cieleszevadees.com\/wp-content\/uploads\/2025\/09\/leszevadeeschapIIIplateau1-67-1-768x1368.jpg 768w, https:\/\/www.cieleszevadees.com\/wp-content\/uploads\/2025\/09\/leszevadeeschapIIIplateau1-67-1-scaled.jpg 1437w\" sizes=\"auto, (max-width: 575px) 100vw, 575px\" \/><\/figure>\n\n\n\n<figure class=\"wp-block-image size-large\"><img decoding=\"async\" data-id=\"868\" src=\"https:\/\/www.cieleszevadees.com\/wp-content\/uploads\/2025\/09\/leszevadeeschapIIIplateau1-13-1.jpg\" alt=\"\" class=\"wp-image-868\"\/><\/figure>\n\n\n\n<figure class=\"wp-block-image size-large\"><img decoding=\"async\" data-id=\"866\" src=\"https:\/\/www.cieleszevadees.com\/wp-content\/uploads\/2025\/09\/leszevadeeschapIIIplateau1-10-1.jpg\" alt=\"\" class=\"wp-image-866\"\/><\/figure>\n\n\n\n<figure class=\"wp-block-image size-large\"><img loading=\"lazy\" decoding=\"async\" width=\"2560\" height=\"1437\" data-id=\"864\" src=\"https:\/\/www.cieleszevadees.com\/wp-content\/uploads\/2025\/09\/leszevadeeschapIIIplateau1-9-1-scaled.jpg\" alt=\"\" class=\"wp-image-864\"\/><\/figure>\n\n\n\n<figure class=\"wp-block-image size-large\"><img loading=\"lazy\" decoding=\"async\" width=\"1829\" height=\"2560\" data-id=\"865\" src=\"https:\/\/www.cieleszevadees.com\/wp-content\/uploads\/2025\/09\/leszevadeeschapIIIplateau1-66-1-scaled.jpg\" alt=\"\" class=\"wp-image-865\" srcset=\"https:\/\/www.cieleszevadees.com\/wp-content\/uploads\/2025\/09\/leszevadeeschapIIIplateau1-66-1-scaled.jpg 1829w, https:\/\/www.cieleszevadees.com\/wp-content\/uploads\/2025\/09\/leszevadeeschapIIIplateau1-66-1-214x300.jpg 214w\" sizes=\"auto, (max-width: 1829px) 100vw, 1829px\" \/><\/figure>\n\n\n\n<figure class=\"wp-block-image size-large\"><img loading=\"lazy\" decoding=\"async\" width=\"1829\" height=\"2560\" data-id=\"870\" src=\"https:\/\/www.cieleszevadees.com\/wp-content\/uploads\/2025\/09\/leszevadeeschapIIIplateau1-12-scaled.jpg\" alt=\"\" class=\"wp-image-870\" srcset=\"https:\/\/www.cieleszevadees.com\/wp-content\/uploads\/2025\/09\/leszevadeeschapIIIplateau1-12-scaled.jpg 1829w, https:\/\/www.cieleszevadees.com\/wp-content\/uploads\/2025\/09\/leszevadeeschapIIIplateau1-12-214x300.jpg 214w\" sizes=\"auto, (max-width: 1829px) 100vw, 1829px\" \/><\/figure>\n\n\n\n<figure class=\"wp-block-image size-large\"><img decoding=\"async\" data-id=\"867\" src=\"https:\/\/www.cieleszevadees.com\/wp-content\/uploads\/2025\/09\/leszevadeeschapIIIplateau1-17-1.jpg\" alt=\"\" class=\"wp-image-867\"\/><\/figure>\n\n\n\n<figure class=\"wp-block-image size-large\"><img loading=\"lazy\" decoding=\"async\" width=\"576\" height=\"1024\" data-id=\"872\" src=\"https:\/\/www.cieleszevadees.com\/wp-content\/uploads\/2025\/09\/leszevadeeschapIIIplateau1-38-576x1024.jpg\" alt=\"\" class=\"wp-image-872\" srcset=\"https:\/\/www.cieleszevadees.com\/wp-content\/uploads\/2025\/09\/leszevadeeschapIIIplateau1-38-576x1024.jpg 576w, https:\/\/www.cieleszevadees.com\/wp-content\/uploads\/2025\/09\/leszevadeeschapIIIplateau1-38-169x300.jpg 169w, https:\/\/www.cieleszevadees.com\/wp-content\/uploads\/2025\/09\/leszevadeeschapIIIplateau1-38-768x1365.jpg 768w, https:\/\/www.cieleszevadees.com\/wp-content\/uploads\/2025\/09\/leszevadeeschapIIIplateau1-38-864x1536.jpg 864w, https:\/\/www.cieleszevadees.com\/wp-content\/uploads\/2025\/09\/leszevadeeschapIIIplateau1-38-1152x2048.jpg 1152w, https:\/\/www.cieleszevadees.com\/wp-content\/uploads\/2025\/09\/leszevadeeschapIIIplateau1-38-scaled.jpg 1440w\" sizes=\"auto, (max-width: 576px) 100vw, 576px\" \/><\/figure>\n\n\n\n<figure class=\"wp-block-image size-large\"><img loading=\"lazy\" decoding=\"async\" width=\"1024\" height=\"576\" data-id=\"874\" src=\"https:\/\/www.cieleszevadees.com\/wp-content\/uploads\/2025\/09\/leszevadeeschapIIIplateau1-45-1024x576.jpg\" alt=\"\" class=\"wp-image-874\" srcset=\"https:\/\/www.cieleszevadees.com\/wp-content\/uploads\/2025\/09\/leszevadeeschapIIIplateau1-45-1024x576.jpg 1024w, https:\/\/www.cieleszevadees.com\/wp-content\/uploads\/2025\/09\/leszevadeeschapIIIplateau1-45-300x169.jpg 300w, https:\/\/www.cieleszevadees.com\/wp-content\/uploads\/2025\/09\/leszevadeeschapIIIplateau1-45-768x432.jpg 768w, https:\/\/www.cieleszevadees.com\/wp-content\/uploads\/2025\/09\/leszevadeeschapIIIplateau1-45-1536x864.jpg 1536w, https:\/\/www.cieleszevadees.com\/wp-content\/uploads\/2025\/09\/leszevadeeschapIIIplateau1-45-2048x1152.jpg 2048w\" sizes=\"auto, (max-width: 1024px) 100vw, 1024px\" \/><\/figure>\n\n\n\n<figure class=\"wp-block-image size-large\"><img loading=\"lazy\" decoding=\"async\" width=\"1024\" height=\"576\" data-id=\"873\" src=\"https:\/\/www.cieleszevadees.com\/wp-content\/uploads\/2025\/09\/leszevadeeschapIIIplateau1-54-1024x576.jpg\" alt=\"\" class=\"wp-image-873\" srcset=\"https:\/\/www.cieleszevadees.com\/wp-content\/uploads\/2025\/09\/leszevadeeschapIIIplateau1-54-1024x576.jpg 1024w, https:\/\/www.cieleszevadees.com\/wp-content\/uploads\/2025\/09\/leszevadeeschapIIIplateau1-54-300x169.jpg 300w, https:\/\/www.cieleszevadees.com\/wp-content\/uploads\/2025\/09\/leszevadeeschapIIIplateau1-54-768x432.jpg 768w, https:\/\/www.cieleszevadees.com\/wp-content\/uploads\/2025\/09\/leszevadeeschapIIIplateau1-54-1536x864.jpg 1536w, https:\/\/www.cieleszevadees.com\/wp-content\/uploads\/2025\/09\/leszevadeeschapIIIplateau1-54-2048x1152.jpg 2048w\" sizes=\"auto, (max-width: 1024px) 100vw, 1024px\" \/><\/figure>\n<\/figure>\n\n\n\n<pre class=\"wp-block-verse has-text-align-center has-system-font-font-family\" style=\"font-style:normal;font-weight:300\"> <\/pre>\n\n\n\n<p><\/p>\n","protected":false},"excerpt":{"rendered":"<p>Cette pi\u00e8ce que l\u2019on pourrait d\u00e9finir comme une fable artistique dans\u00e9e invite \u00e0 faire un pas de c\u00f4t\u00e9, comme pour, peut-\u00eatre, red\u00e9couvrir ce qui nous entoure, red\u00e9finir la \u00ab norme \u00bb dans ce monde fou. Les Z&rsquo;\u00e9vad\u00e9es sont deux personnages \u00e9tranges qui vous entra\u00eenent dans leursp\u00e9r\u00e9grinations, aventures et rencontres diverses, au fil de chapitres diff\u00e9rents.On [&hellip;]<\/p>\n","protected":false},"author":1,"featured_media":856,"parent":0,"menu_order":0,"comment_status":"closed","ping_status":"closed","template":"","meta":{"footnotes":""},"class_list":["post-855","page","type-page","status-publish","has-post-thumbnail","hentry"],"_links":{"self":[{"href":"https:\/\/www.cieleszevadees.com\/index.php\/wp-json\/wp\/v2\/pages\/855","targetHints":{"allow":["GET"]}}],"collection":[{"href":"https:\/\/www.cieleszevadees.com\/index.php\/wp-json\/wp\/v2\/pages"}],"about":[{"href":"https:\/\/www.cieleszevadees.com\/index.php\/wp-json\/wp\/v2\/types\/page"}],"author":[{"embeddable":true,"href":"https:\/\/www.cieleszevadees.com\/index.php\/wp-json\/wp\/v2\/users\/1"}],"replies":[{"embeddable":true,"href":"https:\/\/www.cieleszevadees.com\/index.php\/wp-json\/wp\/v2\/comments?post=855"}],"version-history":[{"count":9,"href":"https:\/\/www.cieleszevadees.com\/index.php\/wp-json\/wp\/v2\/pages\/855\/revisions"}],"predecessor-version":[{"id":963,"href":"https:\/\/www.cieleszevadees.com\/index.php\/wp-json\/wp\/v2\/pages\/855\/revisions\/963"}],"wp:featuredmedia":[{"embeddable":true,"href":"https:\/\/www.cieleszevadees.com\/index.php\/wp-json\/wp\/v2\/media\/856"}],"wp:attachment":[{"href":"https:\/\/www.cieleszevadees.com\/index.php\/wp-json\/wp\/v2\/media?parent=855"}],"curies":[{"name":"wp","href":"https:\/\/api.w.org\/{rel}","templated":true}]}}