{"id":762,"date":"2025-01-19T16:24:21","date_gmt":"2025-01-19T15:24:21","guid":{"rendered":"https:\/\/www.cieleszevadees.com\/?page_id=762"},"modified":"2025-09-08T19:05:11","modified_gmt":"2025-09-08T17:05:11","slug":"edition-2024","status":"publish","type":"page","link":"https:\/\/www.cieleszevadees.com\/index.php\/zone-a-danser\/edition-2024\/","title":{"rendered":""},"content":{"rendered":"\n<p class=\"has-text-align-center has-system-font-font-family has-large-font-size\">Retour sur l&rsquo;\u00e9dition du <\/p>\n\n\n\n<p class=\"has-text-align-center has-system-font-font-family has-large-font-size\"><em>Festival Zone A Danser<\/em> 2024_ premi\u00e8re \u00e9dition! <\/p>\n\n\n\n<pre class=\"wp-block-verse has-text-align-center has-system-font-font-family\" style=\"padding-top:var(--wp--preset--spacing--30);padding-bottom:var(--wp--preset--spacing--30)\"> \u00c9vadez vous !<br> La<em> Zone \u00c0 Danser<\/em> est un festival de danse contemporaine organis\u00e9 par la Compagnie les Z\u2019\u00e9vad\u00e9es et l\u2019Association Ribambelle \u00e0 Queyssac et \u00e0 Bergerac. <br>Sa volont\u00e9 est de pouvoir m\u00e9langer et faire se rencontrer les pratiques amateures et professionnelles. <\/pre>\n\n\n\n<p><\/p>\n\n\n\n<p><\/p>\n\n\n\n<p><\/p>\n\n\n\n<p><\/p>\n\n\n\n<figure class=\"wp-block-embed is-type-video is-provider-youtube wp-block-embed-youtube wp-embed-aspect-16-9 wp-has-aspect-ratio\" style=\"margin-top:var(--wp--preset--spacing--30);margin-right:0;margin-bottom:var(--wp--preset--spacing--30);margin-left:0\"><div class=\"wp-block-embed__wrapper\">\n<iframe loading=\"lazy\" title=\"teaser Festival Zone A Danser\" width=\"500\" height=\"281\" src=\"https:\/\/www.youtube.com\/embed\/tVoFy1fgVSc?feature=oembed\" frameborder=\"0\" allow=\"accelerometer; autoplay; clipboard-write; encrypted-media; gyroscope; picture-in-picture; web-share\" referrerpolicy=\"strict-origin-when-cross-origin\" allowfullscreen><\/iframe>\n<\/div><\/figure>\n\n\n\n<p><\/p>\n\n\n\n<p><\/p>\n\n\n\n<p><\/p>\n\n\n\n<p><\/p>\n\n\n\n<p><\/p>\n\n\n\n<figure class=\"wp-block-gallery has-nested-images columns-default is-cropped wp-block-gallery-1 is-layout-flex wp-block-gallery-is-layout-flex\" style=\"border-style:none;border-width:0px;border-radius:0px\">\n<figure class=\"wp-block-image size-large\"><img loading=\"lazy\" decoding=\"async\" width=\"1024\" height=\"683\" data-id=\"396\" src=\"https:\/\/www.cieleszevadees.com\/wp-content\/uploads\/2024\/08\/2024zad-1-1024x683.jpg\" alt=\"\" class=\"wp-image-396\" srcset=\"https:\/\/www.cieleszevadees.com\/wp-content\/uploads\/2024\/08\/2024zad-1-1024x683.jpg 1024w, https:\/\/www.cieleszevadees.com\/wp-content\/uploads\/2024\/08\/2024zad-1-300x200.jpg 300w, https:\/\/www.cieleszevadees.com\/wp-content\/uploads\/2024\/08\/2024zad-1-768x512.jpg 768w, https:\/\/www.cieleszevadees.com\/wp-content\/uploads\/2024\/08\/2024zad-1-1536x1024.jpg 1536w, https:\/\/www.cieleszevadees.com\/wp-content\/uploads\/2024\/08\/2024zad-1-2048x1365.jpg 2048w\" sizes=\"auto, (max-width: 1024px) 100vw, 1024px\" \/><\/figure>\n\n\n\n<figure class=\"wp-block-image size-large\"><img loading=\"lazy\" decoding=\"async\" width=\"1024\" height=\"683\" data-id=\"402\" src=\"https:\/\/www.cieleszevadees.com\/wp-content\/uploads\/2024\/08\/2024zad-8-1024x683.jpg\" alt=\"\" class=\"wp-image-402\" srcset=\"https:\/\/www.cieleszevadees.com\/wp-content\/uploads\/2024\/08\/2024zad-8-1024x683.jpg 1024w, https:\/\/www.cieleszevadees.com\/wp-content\/uploads\/2024\/08\/2024zad-8-300x200.jpg 300w, https:\/\/www.cieleszevadees.com\/wp-content\/uploads\/2024\/08\/2024zad-8-768x512.jpg 768w, https:\/\/www.cieleszevadees.com\/wp-content\/uploads\/2024\/08\/2024zad-8-1536x1024.jpg 1536w, https:\/\/www.cieleszevadees.com\/wp-content\/uploads\/2024\/08\/2024zad-8-2048x1365.jpg 2048w\" sizes=\"auto, (max-width: 1024px) 100vw, 1024px\" \/><\/figure>\n\n\n\n<figure class=\"wp-block-image size-large\"><img loading=\"lazy\" decoding=\"async\" width=\"1024\" height=\"684\" data-id=\"393\" src=\"https:\/\/www.cieleszevadees.com\/wp-content\/uploads\/2024\/08\/2024zad-26-1024x684.jpg\" alt=\"\" class=\"wp-image-393\" srcset=\"https:\/\/www.cieleszevadees.com\/wp-content\/uploads\/2024\/08\/2024zad-26-1024x684.jpg 1024w, https:\/\/www.cieleszevadees.com\/wp-content\/uploads\/2024\/08\/2024zad-26-300x200.jpg 300w, https:\/\/www.cieleszevadees.com\/wp-content\/uploads\/2024\/08\/2024zad-26-768x513.jpg 768w, https:\/\/www.cieleszevadees.com\/wp-content\/uploads\/2024\/08\/2024zad-26-1536x1026.jpg 1536w, https:\/\/www.cieleszevadees.com\/wp-content\/uploads\/2024\/08\/2024zad-26-2048x1368.jpg 2048w\" sizes=\"auto, (max-width: 1024px) 100vw, 1024px\" \/><\/figure>\n\n\n\n<figure class=\"wp-block-image size-large\"><img loading=\"lazy\" decoding=\"async\" width=\"1024\" height=\"646\" data-id=\"392\" src=\"https:\/\/www.cieleszevadees.com\/wp-content\/uploads\/2024\/08\/2024zad-25-1024x646.jpg\" alt=\"\" class=\"wp-image-392\" srcset=\"https:\/\/www.cieleszevadees.com\/wp-content\/uploads\/2024\/08\/2024zad-25-1024x646.jpg 1024w, https:\/\/www.cieleszevadees.com\/wp-content\/uploads\/2024\/08\/2024zad-25-300x189.jpg 300w, https:\/\/www.cieleszevadees.com\/wp-content\/uploads\/2024\/08\/2024zad-25-768x484.jpg 768w, https:\/\/www.cieleszevadees.com\/wp-content\/uploads\/2024\/08\/2024zad-25-1536x969.jpg 1536w, https:\/\/www.cieleszevadees.com\/wp-content\/uploads\/2024\/08\/2024zad-25-2048x1292.jpg 2048w\" sizes=\"auto, (max-width: 1024px) 100vw, 1024px\" \/><\/figure>\n\n\n\n<figure class=\"wp-block-image size-large\"><img loading=\"lazy\" decoding=\"async\" width=\"1024\" height=\"683\" data-id=\"406\" src=\"https:\/\/www.cieleszevadees.com\/wp-content\/uploads\/2024\/08\/2024zad-16-1024x683.jpg\" alt=\"\" class=\"wp-image-406\" srcset=\"https:\/\/www.cieleszevadees.com\/wp-content\/uploads\/2024\/08\/2024zad-16-1024x683.jpg 1024w, https:\/\/www.cieleszevadees.com\/wp-content\/uploads\/2024\/08\/2024zad-16-300x200.jpg 300w, https:\/\/www.cieleszevadees.com\/wp-content\/uploads\/2024\/08\/2024zad-16-768x512.jpg 768w, https:\/\/www.cieleszevadees.com\/wp-content\/uploads\/2024\/08\/2024zad-16-1536x1024.jpg 1536w, https:\/\/www.cieleszevadees.com\/wp-content\/uploads\/2024\/08\/2024zad-16-2048x1365.jpg 2048w\" sizes=\"auto, (max-width: 1024px) 100vw, 1024px\" \/><\/figure>\n\n\n\n<figure class=\"wp-block-image size-large\"><img loading=\"lazy\" decoding=\"async\" width=\"683\" height=\"1024\" data-id=\"403\" src=\"https:\/\/www.cieleszevadees.com\/wp-content\/uploads\/2024\/08\/2024zad-14-683x1024.jpg\" alt=\"\" class=\"wp-image-403\" srcset=\"https:\/\/www.cieleszevadees.com\/wp-content\/uploads\/2024\/08\/2024zad-14-683x1024.jpg 683w, https:\/\/www.cieleszevadees.com\/wp-content\/uploads\/2024\/08\/2024zad-14-200x300.jpg 200w, https:\/\/www.cieleszevadees.com\/wp-content\/uploads\/2024\/08\/2024zad-14-768x1152.jpg 768w, https:\/\/www.cieleszevadees.com\/wp-content\/uploads\/2024\/08\/2024zad-14-1024x1536.jpg 1024w, https:\/\/www.cieleszevadees.com\/wp-content\/uploads\/2024\/08\/2024zad-14-1365x2048.jpg 1365w, https:\/\/www.cieleszevadees.com\/wp-content\/uploads\/2024\/08\/2024zad-14-scaled.jpg 1707w\" sizes=\"auto, (max-width: 683px) 100vw, 683px\" \/><\/figure>\n\n\n\n<figure class=\"wp-block-image size-large\"><img loading=\"lazy\" decoding=\"async\" width=\"683\" height=\"1024\" data-id=\"409\" src=\"https:\/\/www.cieleszevadees.com\/wp-content\/uploads\/2024\/08\/2024zad-6-683x1024.jpg\" alt=\"\" class=\"wp-image-409\" srcset=\"https:\/\/www.cieleszevadees.com\/wp-content\/uploads\/2024\/08\/2024zad-6-683x1024.jpg 683w, https:\/\/www.cieleszevadees.com\/wp-content\/uploads\/2024\/08\/2024zad-6-200x300.jpg 200w, https:\/\/www.cieleszevadees.com\/wp-content\/uploads\/2024\/08\/2024zad-6-768x1152.jpg 768w, https:\/\/www.cieleszevadees.com\/wp-content\/uploads\/2024\/08\/2024zad-6-1024x1536.jpg 1024w, https:\/\/www.cieleszevadees.com\/wp-content\/uploads\/2024\/08\/2024zad-6-1365x2048.jpg 1365w, https:\/\/www.cieleszevadees.com\/wp-content\/uploads\/2024\/08\/2024zad-6-scaled.jpg 1707w\" sizes=\"auto, (max-width: 683px) 100vw, 683px\" \/><\/figure>\n\n\n\n<figure class=\"wp-block-image size-large\"><img loading=\"lazy\" decoding=\"async\" width=\"1024\" height=\"683\" data-id=\"397\" src=\"https:\/\/www.cieleszevadees.com\/wp-content\/uploads\/2024\/08\/2024zad-5-1024x683.jpg\" alt=\"\" class=\"wp-image-397\" srcset=\"https:\/\/www.cieleszevadees.com\/wp-content\/uploads\/2024\/08\/2024zad-5-1024x683.jpg 1024w, https:\/\/www.cieleszevadees.com\/wp-content\/uploads\/2024\/08\/2024zad-5-300x200.jpg 300w, https:\/\/www.cieleszevadees.com\/wp-content\/uploads\/2024\/08\/2024zad-5-768x512.jpg 768w, https:\/\/www.cieleszevadees.com\/wp-content\/uploads\/2024\/08\/2024zad-5-1536x1024.jpg 1536w, https:\/\/www.cieleszevadees.com\/wp-content\/uploads\/2024\/08\/2024zad-5-2048x1365.jpg 2048w\" sizes=\"auto, (max-width: 1024px) 100vw, 1024px\" \/><\/figure>\n\n\n\n<figure class=\"wp-block-image size-large\"><img loading=\"lazy\" decoding=\"async\" width=\"1024\" height=\"683\" data-id=\"398\" src=\"https:\/\/www.cieleszevadees.com\/wp-content\/uploads\/2024\/08\/2024zad-12-1024x683.jpg\" alt=\"\" class=\"wp-image-398\" srcset=\"https:\/\/www.cieleszevadees.com\/wp-content\/uploads\/2024\/08\/2024zad-12-1024x683.jpg 1024w, https:\/\/www.cieleszevadees.com\/wp-content\/uploads\/2024\/08\/2024zad-12-300x200.jpg 300w, https:\/\/www.cieleszevadees.com\/wp-content\/uploads\/2024\/08\/2024zad-12-768x512.jpg 768w, https:\/\/www.cieleszevadees.com\/wp-content\/uploads\/2024\/08\/2024zad-12-1536x1024.jpg 1536w, https:\/\/www.cieleszevadees.com\/wp-content\/uploads\/2024\/08\/2024zad-12-2048x1365.jpg 2048w\" sizes=\"auto, (max-width: 1024px) 100vw, 1024px\" \/><\/figure>\n\n\n\n<figure class=\"wp-block-image size-large\"><img loading=\"lazy\" decoding=\"async\" width=\"1024\" height=\"684\" data-id=\"391\" src=\"https:\/\/www.cieleszevadees.com\/wp-content\/uploads\/2024\/08\/2024zad-28-1024x684.jpg\" alt=\"\" class=\"wp-image-391\" srcset=\"https:\/\/www.cieleszevadees.com\/wp-content\/uploads\/2024\/08\/2024zad-28-1024x684.jpg 1024w, https:\/\/www.cieleszevadees.com\/wp-content\/uploads\/2024\/08\/2024zad-28-300x200.jpg 300w, https:\/\/www.cieleszevadees.com\/wp-content\/uploads\/2024\/08\/2024zad-28-768x513.jpg 768w, https:\/\/www.cieleszevadees.com\/wp-content\/uploads\/2024\/08\/2024zad-28-1536x1026.jpg 1536w, https:\/\/www.cieleszevadees.com\/wp-content\/uploads\/2024\/08\/2024zad-28-2048x1368.jpg 2048w\" sizes=\"auto, (max-width: 1024px) 100vw, 1024px\" \/><\/figure>\n\n\n\n<figure class=\"wp-block-image size-large\"><img loading=\"lazy\" decoding=\"async\" width=\"1024\" height=\"683\" data-id=\"400\" src=\"https:\/\/www.cieleszevadees.com\/wp-content\/uploads\/2024\/08\/2024zad-13-1024x683.jpg\" alt=\"\" class=\"wp-image-400\" srcset=\"https:\/\/www.cieleszevadees.com\/wp-content\/uploads\/2024\/08\/2024zad-13-1024x683.jpg 1024w, https:\/\/www.cieleszevadees.com\/wp-content\/uploads\/2024\/08\/2024zad-13-300x200.jpg 300w, https:\/\/www.cieleszevadees.com\/wp-content\/uploads\/2024\/08\/2024zad-13-768x512.jpg 768w, https:\/\/www.cieleszevadees.com\/wp-content\/uploads\/2024\/08\/2024zad-13-1536x1024.jpg 1536w, https:\/\/www.cieleszevadees.com\/wp-content\/uploads\/2024\/08\/2024zad-13-2048x1365.jpg 2048w\" sizes=\"auto, (max-width: 1024px) 100vw, 1024px\" \/><\/figure>\n\n\n\n<figure class=\"wp-block-image size-large\"><img loading=\"lazy\" decoding=\"async\" width=\"1024\" height=\"683\" data-id=\"386\" src=\"https:\/\/www.cieleszevadees.com\/wp-content\/uploads\/2024\/08\/2024zad-18-1024x683.jpg\" alt=\"\" class=\"wp-image-386\" srcset=\"https:\/\/www.cieleszevadees.com\/wp-content\/uploads\/2024\/08\/2024zad-18-1024x683.jpg 1024w, https:\/\/www.cieleszevadees.com\/wp-content\/uploads\/2024\/08\/2024zad-18-300x200.jpg 300w, https:\/\/www.cieleszevadees.com\/wp-content\/uploads\/2024\/08\/2024zad-18-768x512.jpg 768w, https:\/\/www.cieleszevadees.com\/wp-content\/uploads\/2024\/08\/2024zad-18-1536x1024.jpg 1536w, https:\/\/www.cieleszevadees.com\/wp-content\/uploads\/2024\/08\/2024zad-18-2048x1365.jpg 2048w\" sizes=\"auto, (max-width: 1024px) 100vw, 1024px\" \/><\/figure>\n\n\n\n<figure class=\"wp-block-image size-large\"><img loading=\"lazy\" decoding=\"async\" width=\"1024\" height=\"683\" data-id=\"388\" src=\"https:\/\/www.cieleszevadees.com\/wp-content\/uploads\/2024\/08\/2024zad-9-1024x683.jpg\" alt=\"\" class=\"wp-image-388\" srcset=\"https:\/\/www.cieleszevadees.com\/wp-content\/uploads\/2024\/08\/2024zad-9-1024x683.jpg 1024w, https:\/\/www.cieleszevadees.com\/wp-content\/uploads\/2024\/08\/2024zad-9-300x200.jpg 300w, https:\/\/www.cieleszevadees.com\/wp-content\/uploads\/2024\/08\/2024zad-9-768x512.jpg 768w, https:\/\/www.cieleszevadees.com\/wp-content\/uploads\/2024\/08\/2024zad-9-1536x1024.jpg 1536w, https:\/\/www.cieleszevadees.com\/wp-content\/uploads\/2024\/08\/2024zad-9-2048x1365.jpg 2048w\" sizes=\"auto, (max-width: 1024px) 100vw, 1024px\" \/><\/figure>\n\n\n\n<figure class=\"wp-block-image size-large\"><img loading=\"lazy\" decoding=\"async\" width=\"1024\" height=\"683\" data-id=\"399\" src=\"https:\/\/www.cieleszevadees.com\/wp-content\/uploads\/2024\/08\/2024zad-10-1024x683.jpg\" alt=\"\" class=\"wp-image-399\" srcset=\"https:\/\/www.cieleszevadees.com\/wp-content\/uploads\/2024\/08\/2024zad-10-1024x683.jpg 1024w, https:\/\/www.cieleszevadees.com\/wp-content\/uploads\/2024\/08\/2024zad-10-300x200.jpg 300w, https:\/\/www.cieleszevadees.com\/wp-content\/uploads\/2024\/08\/2024zad-10-768x512.jpg 768w, https:\/\/www.cieleszevadees.com\/wp-content\/uploads\/2024\/08\/2024zad-10-1536x1024.jpg 1536w, https:\/\/www.cieleszevadees.com\/wp-content\/uploads\/2024\/08\/2024zad-10-2048x1365.jpg 2048w\" sizes=\"auto, (max-width: 1024px) 100vw, 1024px\" \/><\/figure>\n\n\n\n<figure class=\"wp-block-image size-large\"><img loading=\"lazy\" decoding=\"async\" width=\"1024\" height=\"683\" data-id=\"410\" src=\"https:\/\/www.cieleszevadees.com\/wp-content\/uploads\/2024\/08\/2024zad-21-1024x683.jpg\" alt=\"\" class=\"wp-image-410\" srcset=\"https:\/\/www.cieleszevadees.com\/wp-content\/uploads\/2024\/08\/2024zad-21-1024x683.jpg 1024w, https:\/\/www.cieleszevadees.com\/wp-content\/uploads\/2024\/08\/2024zad-21-300x200.jpg 300w, https:\/\/www.cieleszevadees.com\/wp-content\/uploads\/2024\/08\/2024zad-21-768x512.jpg 768w, https:\/\/www.cieleszevadees.com\/wp-content\/uploads\/2024\/08\/2024zad-21-1536x1024.jpg 1536w, https:\/\/www.cieleszevadees.com\/wp-content\/uploads\/2024\/08\/2024zad-21-2048x1365.jpg 2048w\" sizes=\"auto, (max-width: 1024px) 100vw, 1024px\" \/><\/figure>\n\n\n\n<figure class=\"wp-block-image size-large\"><img loading=\"lazy\" decoding=\"async\" width=\"683\" height=\"1024\" data-id=\"408\" src=\"https:\/\/www.cieleszevadees.com\/wp-content\/uploads\/2024\/08\/2024zad-15-683x1024.jpg\" alt=\"\" class=\"wp-image-408\" srcset=\"https:\/\/www.cieleszevadees.com\/wp-content\/uploads\/2024\/08\/2024zad-15-683x1024.jpg 683w, https:\/\/www.cieleszevadees.com\/wp-content\/uploads\/2024\/08\/2024zad-15-200x300.jpg 200w, https:\/\/www.cieleszevadees.com\/wp-content\/uploads\/2024\/08\/2024zad-15-768x1152.jpg 768w, https:\/\/www.cieleszevadees.com\/wp-content\/uploads\/2024\/08\/2024zad-15-1024x1536.jpg 1024w, https:\/\/www.cieleszevadees.com\/wp-content\/uploads\/2024\/08\/2024zad-15-1365x2048.jpg 1365w, https:\/\/www.cieleszevadees.com\/wp-content\/uploads\/2024\/08\/2024zad-15-scaled.jpg 1707w\" sizes=\"auto, (max-width: 683px) 100vw, 683px\" \/><\/figure>\n\n\n\n<figure class=\"wp-block-image size-large\"><img loading=\"lazy\" decoding=\"async\" width=\"1024\" height=\"683\" data-id=\"405\" src=\"https:\/\/www.cieleszevadees.com\/wp-content\/uploads\/2024\/08\/2024zad-4-1024x683.jpg\" alt=\"\" class=\"wp-image-405\" srcset=\"https:\/\/www.cieleszevadees.com\/wp-content\/uploads\/2024\/08\/2024zad-4-1024x683.jpg 1024w, https:\/\/www.cieleszevadees.com\/wp-content\/uploads\/2024\/08\/2024zad-4-300x200.jpg 300w, https:\/\/www.cieleszevadees.com\/wp-content\/uploads\/2024\/08\/2024zad-4-768x512.jpg 768w, https:\/\/www.cieleszevadees.com\/wp-content\/uploads\/2024\/08\/2024zad-4-1536x1024.jpg 1536w, https:\/\/www.cieleszevadees.com\/wp-content\/uploads\/2024\/08\/2024zad-4-2048x1365.jpg 2048w\" sizes=\"auto, (max-width: 1024px) 100vw, 1024px\" \/><\/figure>\n\n\n\n<figure class=\"wp-block-image size-large\"><img loading=\"lazy\" decoding=\"async\" width=\"1024\" height=\"683\" data-id=\"394\" src=\"https:\/\/www.cieleszevadees.com\/wp-content\/uploads\/2024\/08\/2024zad-22-1024x683.jpg\" alt=\"\" class=\"wp-image-394\" srcset=\"https:\/\/www.cieleszevadees.com\/wp-content\/uploads\/2024\/08\/2024zad-22-1024x683.jpg 1024w, https:\/\/www.cieleszevadees.com\/wp-content\/uploads\/2024\/08\/2024zad-22-300x200.jpg 300w, https:\/\/www.cieleszevadees.com\/wp-content\/uploads\/2024\/08\/2024zad-22-768x512.jpg 768w, https:\/\/www.cieleszevadees.com\/wp-content\/uploads\/2024\/08\/2024zad-22-1536x1025.jpg 1536w, https:\/\/www.cieleszevadees.com\/wp-content\/uploads\/2024\/08\/2024zad-22-2048x1366.jpg 2048w\" sizes=\"auto, (max-width: 1024px) 100vw, 1024px\" \/><\/figure>\n\n\n\n<figure class=\"wp-block-image size-large\"><img loading=\"lazy\" decoding=\"async\" width=\"683\" height=\"1024\" data-id=\"385\" src=\"https:\/\/www.cieleszevadees.com\/wp-content\/uploads\/2024\/08\/2024zad-17-683x1024.jpg\" alt=\"\" class=\"wp-image-385\" srcset=\"https:\/\/www.cieleszevadees.com\/wp-content\/uploads\/2024\/08\/2024zad-17-683x1024.jpg 683w, https:\/\/www.cieleszevadees.com\/wp-content\/uploads\/2024\/08\/2024zad-17-200x300.jpg 200w, https:\/\/www.cieleszevadees.com\/wp-content\/uploads\/2024\/08\/2024zad-17-768x1152.jpg 768w, https:\/\/www.cieleszevadees.com\/wp-content\/uploads\/2024\/08\/2024zad-17-1024x1536.jpg 1024w, https:\/\/www.cieleszevadees.com\/wp-content\/uploads\/2024\/08\/2024zad-17-1365x2048.jpg 1365w, https:\/\/www.cieleszevadees.com\/wp-content\/uploads\/2024\/08\/2024zad-17-scaled.jpg 1707w\" sizes=\"auto, (max-width: 683px) 100vw, 683px\" \/><\/figure>\n\n\n\n<figure class=\"wp-block-image size-large\"><img loading=\"lazy\" decoding=\"async\" width=\"683\" height=\"1024\" data-id=\"387\" src=\"https:\/\/www.cieleszevadees.com\/wp-content\/uploads\/2024\/08\/2024zad-20-683x1024.jpg\" alt=\"\" class=\"wp-image-387\" srcset=\"https:\/\/www.cieleszevadees.com\/wp-content\/uploads\/2024\/08\/2024zad-20-683x1024.jpg 683w, https:\/\/www.cieleszevadees.com\/wp-content\/uploads\/2024\/08\/2024zad-20-200x300.jpg 200w, https:\/\/www.cieleszevadees.com\/wp-content\/uploads\/2024\/08\/2024zad-20-768x1152.jpg 768w, https:\/\/www.cieleszevadees.com\/wp-content\/uploads\/2024\/08\/2024zad-20-1024x1536.jpg 1024w, https:\/\/www.cieleszevadees.com\/wp-content\/uploads\/2024\/08\/2024zad-20-1365x2048.jpg 1365w, https:\/\/www.cieleszevadees.com\/wp-content\/uploads\/2024\/08\/2024zad-20-scaled.jpg 1707w\" sizes=\"auto, (max-width: 683px) 100vw, 683px\" \/><\/figure>\n\n\n\n<figure class=\"wp-block-image size-large\"><img loading=\"lazy\" decoding=\"async\" width=\"1024\" height=\"683\" data-id=\"384\" src=\"https:\/\/www.cieleszevadees.com\/wp-content\/uploads\/2024\/08\/2024zad-19-1024x683.jpg\" alt=\"\" class=\"wp-image-384\" srcset=\"https:\/\/www.cieleszevadees.com\/wp-content\/uploads\/2024\/08\/2024zad-19-1024x683.jpg 1024w, https:\/\/www.cieleszevadees.com\/wp-content\/uploads\/2024\/08\/2024zad-19-300x200.jpg 300w, https:\/\/www.cieleszevadees.com\/wp-content\/uploads\/2024\/08\/2024zad-19-768x512.jpg 768w, https:\/\/www.cieleszevadees.com\/wp-content\/uploads\/2024\/08\/2024zad-19-1536x1024.jpg 1536w, https:\/\/www.cieleszevadees.com\/wp-content\/uploads\/2024\/08\/2024zad-19-2048x1365.jpg 2048w\" sizes=\"auto, (max-width: 1024px) 100vw, 1024px\" \/><\/figure>\n\n\n\n<figure class=\"wp-block-image size-large\"><img loading=\"lazy\" decoding=\"async\" width=\"1024\" height=\"683\" data-id=\"395\" src=\"https:\/\/www.cieleszevadees.com\/wp-content\/uploads\/2024\/08\/2024zad-2-1024x683.jpg\" alt=\"\" class=\"wp-image-395\" srcset=\"https:\/\/www.cieleszevadees.com\/wp-content\/uploads\/2024\/08\/2024zad-2-1024x683.jpg 1024w, https:\/\/www.cieleszevadees.com\/wp-content\/uploads\/2024\/08\/2024zad-2-300x200.jpg 300w, https:\/\/www.cieleszevadees.com\/wp-content\/uploads\/2024\/08\/2024zad-2-768x512.jpg 768w, https:\/\/www.cieleszevadees.com\/wp-content\/uploads\/2024\/08\/2024zad-2-1536x1024.jpg 1536w, https:\/\/www.cieleszevadees.com\/wp-content\/uploads\/2024\/08\/2024zad-2-2048x1365.jpg 2048w\" sizes=\"auto, (max-width: 1024px) 100vw, 1024px\" \/><\/figure>\n\n\n\n<figure class=\"wp-block-image size-large\"><img loading=\"lazy\" decoding=\"async\" width=\"1024\" height=\"845\" data-id=\"390\" src=\"https:\/\/www.cieleszevadees.com\/wp-content\/uploads\/2024\/08\/2024zad-27-1024x845.jpg\" alt=\"\" class=\"wp-image-390\" srcset=\"https:\/\/www.cieleszevadees.com\/wp-content\/uploads\/2024\/08\/2024zad-27-1024x845.jpg 1024w, https:\/\/www.cieleszevadees.com\/wp-content\/uploads\/2024\/08\/2024zad-27-300x248.jpg 300w, https:\/\/www.cieleszevadees.com\/wp-content\/uploads\/2024\/08\/2024zad-27-768x634.jpg 768w, https:\/\/www.cieleszevadees.com\/wp-content\/uploads\/2024\/08\/2024zad-27-1536x1268.jpg 1536w, https:\/\/www.cieleszevadees.com\/wp-content\/uploads\/2024\/08\/2024zad-27-2048x1691.jpg 2048w\" sizes=\"auto, (max-width: 1024px) 100vw, 1024px\" \/><\/figure>\n<\/figure>\n\n\n\n<p><\/p>\n\n\n\n<p><\/p>\n\n\n\n<p class=\"has-system-font-font-family\" style=\"border-style:none;border-width:0px;margin-top:var(--wp--preset--spacing--30);margin-bottom:var(--wp--preset--spacing--30)\">Un grand merci aux artistes de de l&rsquo;\u00e9dition 2024 : <br><em>Klara Beyeler, Carole Ros\u00e9, Natividad Capdevila, Nicolas P\u00e9nicaud, collectif Clandestime, Athanase Koffi, C\u00e9dric Lepr\u00e9vost&#8230; ainsi que tous les stagiaires.<br><br><\/em>Direction artistique : Cathy H\u00e9rouard et M\u00e9lissa Martinez <br>Equipe organisatrice : Cathy H\u00e9rouard, M\u00e9lissa Martinez et David Martinez<br>Technique : Ludovic Moulinard<br>Vid\u00e9o : Ga\u00ebl Delpech<br>Photos : Jacques Bialik<br>Merci aux b\u00e9n\u00e9voles pr\u00e9sents lors de cette premi\u00e8re \u00e9dition ainsi que l&rsquo;\u00e9quipe technique de l&rsquo;auditorium Fran\u00e7ois Mitterrand.<\/p>\n\n\n\n<p><\/p>\n","protected":false},"excerpt":{"rendered":"<p>Retour sur l&rsquo;\u00e9dition du Festival Zone A Danser 2024_ premi\u00e8re \u00e9dition! \u00c9vadez vous ! La Zone \u00c0 Danser est un festival de danse contemporaine organis\u00e9 par la Compagnie les Z\u2019\u00e9vad\u00e9es et l\u2019Association Ribambelle \u00e0 Queyssac et \u00e0 Bergerac. Sa volont\u00e9 est de pouvoir m\u00e9langer et faire se rencontrer les pratiques amateures et professionnelles. Un grand [&hellip;]<\/p>\n","protected":false},"author":1,"featured_media":438,"parent":829,"menu_order":0,"comment_status":"closed","ping_status":"closed","template":"","meta":{"footnotes":""},"class_list":["post-762","page","type-page","status-publish","has-post-thumbnail","hentry"],"_links":{"self":[{"href":"https:\/\/www.cieleszevadees.com\/index.php\/wp-json\/wp\/v2\/pages\/762","targetHints":{"allow":["GET"]}}],"collection":[{"href":"https:\/\/www.cieleszevadees.com\/index.php\/wp-json\/wp\/v2\/pages"}],"about":[{"href":"https:\/\/www.cieleszevadees.com\/index.php\/wp-json\/wp\/v2\/types\/page"}],"author":[{"embeddable":true,"href":"https:\/\/www.cieleszevadees.com\/index.php\/wp-json\/wp\/v2\/users\/1"}],"replies":[{"embeddable":true,"href":"https:\/\/www.cieleszevadees.com\/index.php\/wp-json\/wp\/v2\/comments?post=762"}],"version-history":[{"count":18,"href":"https:\/\/www.cieleszevadees.com\/index.php\/wp-json\/wp\/v2\/pages\/762\/revisions"}],"predecessor-version":[{"id":927,"href":"https:\/\/www.cieleszevadees.com\/index.php\/wp-json\/wp\/v2\/pages\/762\/revisions\/927"}],"up":[{"embeddable":true,"href":"https:\/\/www.cieleszevadees.com\/index.php\/wp-json\/wp\/v2\/pages\/829"}],"wp:featuredmedia":[{"embeddable":true,"href":"https:\/\/www.cieleszevadees.com\/index.php\/wp-json\/wp\/v2\/media\/438"}],"wp:attachment":[{"href":"https:\/\/www.cieleszevadees.com\/index.php\/wp-json\/wp\/v2\/media?parent=762"}],"curies":[{"name":"wp","href":"https:\/\/api.w.org\/{rel}","templated":true}]}}