{"id":518,"date":"2024-09-17T19:12:30","date_gmt":"2024-09-17T17:12:30","guid":{"rendered":"https:\/\/www.cieleszevadees.com\/?page_id=518"},"modified":"2025-10-22T10:02:32","modified_gmt":"2025-10-22T08:02:32","slug":"ateliers-choregraphiques","status":"publish","type":"page","link":"https:\/\/www.cieleszevadees.com\/index.php\/les-zevadees\/ateliers-choregraphiques\/","title":{"rendered":"Ateliers chor\u00e9graphiques"},"content":{"rendered":"\n<p class=\"has-text-align-center has-bad-script-font-family\"><br><\/p>\n\n\n\n<p><\/p>\n\n\n\n<p class=\"has-text-align-center has-system-font-font-family\" style=\"font-style:normal;font-weight:300\">La Cie Les Z&rsquo;\u00e9vad\u00e9es propose des ateliers chor\u00e9graphiques autour de ses pi\u00e8ces en cours ou bien en totale cr\u00e9ation avec les participantes et participants. <br>Son ambition principale est celle de partager des outils de composition chor\u00e9graphique afin que chacune et chacun puisse se les approprier via sa propre corporalit\u00e9.<\/p>\n\n\n\n<pre class=\"wp-block-verse has-text-align-center has-system-font-font-family\" style=\"font-style:normal;font-weight:300\"><br><br><br><strong>APPEL AUX AMOUREUSES ET AMOUREUX DU MOUVEMENT! <br><\/strong><br>Pour cette nouvelle saison 2025-2026, la Cie les Z'\u00e9vad\u00e9es invite \u00e0 explorer <br>les <strong><em>\"Etincelles\"<\/em><\/strong> via un cycle d'ateliers chor\u00e9graphiques en vue de proposer une cr\u00e9ation \u00e0 l'\u00e9v\u00e8nement de cl\u00f4ture du festival Zone A Danser le 26 avril 2026 <br>\u00e0 l'auditorium Fran\u00e7ois Mitterrand. <br><br><strong>Pour qui? <\/strong><br>Tous les curieuses et curieux, passionn\u00e9s du mouvement, qui souhaitent s'engager dans une aventure cr\u00e9ative et humaine. Pas de niveau pr\u00e9-requis. <br><br><strong>Quand? <\/strong><br>le 9 novembre 2025 : journ\u00e9e \"d\u00e9couverte\"<br>les 14 et 15 mars 2026 : 10h - 13h<br>le 12 avril 2026 : journ\u00e9e<br>les 18 et 19 avril 2026 : journ\u00e9es<br><br><strong>O\u00f9? <\/strong><br>Studio Ribambelle, la haute ribeyrie 24140 QUEYSSAC<br><br><strong>Combien ? <br><\/strong>journ\u00e9e d\u00e9couverte : 40\u20ac<br>cycle entier : 150\u20ac <br><br>Infos &amp; inscriptions : <br>cieleszevadees@gmail.com \/ 06 85 27 27 71<\/pre>\n\n\n\n<p><\/p>\n\n\n\n<p><\/p>\n\n\n\n<pre class=\"wp-block-verse\"><br><br><\/pre>\n\n\n\n<pre class=\"wp-block-verse has-system-font-font-family\" style=\"font-style:normal;font-weight:300\">Retour en images sur nos ateliers pr\u00e9c\u00e9dents...<br><br><br><\/pre>\n\n\n\n<figure class=\"wp-block-gallery has-nested-images columns-4 is-cropped wp-block-gallery-1 is-layout-flex wp-block-gallery-is-layout-flex\">\n<figure class=\"wp-block-image size-large\"><a href=\"https:\/\/www.cieleszevadees.com\/wp-content\/uploads\/2024\/10\/370491743_6429061667207778_4644154562427409353_n.jpg\"><img loading=\"lazy\" decoding=\"async\" width=\"461\" height=\"1024\" data-id=\"586\" src=\"https:\/\/www.cieleszevadees.com\/wp-content\/uploads\/2024\/10\/370491743_6429061667207778_4644154562427409353_n-461x1024.jpg\" alt=\"\" class=\"wp-image-586\" srcset=\"https:\/\/www.cieleszevadees.com\/wp-content\/uploads\/2024\/10\/370491743_6429061667207778_4644154562427409353_n-461x1024.jpg 461w, https:\/\/www.cieleszevadees.com\/wp-content\/uploads\/2024\/10\/370491743_6429061667207778_4644154562427409353_n-135x300.jpg 135w, https:\/\/www.cieleszevadees.com\/wp-content\/uploads\/2024\/10\/370491743_6429061667207778_4644154562427409353_n-691x1536.jpg 691w, https:\/\/www.cieleszevadees.com\/wp-content\/uploads\/2024\/10\/370491743_6429061667207778_4644154562427409353_n.jpg 720w\" sizes=\"auto, (max-width: 461px) 100vw, 461px\" \/><\/a><\/figure>\n\n\n\n<figure class=\"wp-block-image size-large\"><a href=\"https:\/\/www.cieleszevadees.com\/wp-content\/uploads\/2024\/10\/DSC_0730-scaled.jpg\"><img loading=\"lazy\" decoding=\"async\" width=\"1024\" height=\"683\" data-id=\"597\" src=\"https:\/\/www.cieleszevadees.com\/wp-content\/uploads\/2024\/10\/DSC_0730-1024x683.jpg\" alt=\"\" class=\"wp-image-597\" srcset=\"https:\/\/www.cieleszevadees.com\/wp-content\/uploads\/2024\/10\/DSC_0730-1024x683.jpg 1024w, https:\/\/www.cieleszevadees.com\/wp-content\/uploads\/2024\/10\/DSC_0730-300x200.jpg 300w, https:\/\/www.cieleszevadees.com\/wp-content\/uploads\/2024\/10\/DSC_0730-768x512.jpg 768w, https:\/\/www.cieleszevadees.com\/wp-content\/uploads\/2024\/10\/DSC_0730-1536x1024.jpg 1536w, https:\/\/www.cieleszevadees.com\/wp-content\/uploads\/2024\/10\/DSC_0730-2048x1365.jpg 2048w\" sizes=\"auto, (max-width: 1024px) 100vw, 1024px\" \/><\/a><\/figure>\n\n\n\n<figure class=\"wp-block-image size-large\"><a href=\"https:\/\/www.cieleszevadees.com\/wp-content\/uploads\/2024\/10\/DSC_0336-scaled.jpg\"><img loading=\"lazy\" decoding=\"async\" width=\"683\" height=\"1024\" data-id=\"598\" src=\"https:\/\/www.cieleszevadees.com\/wp-content\/uploads\/2024\/10\/DSC_0336-683x1024.jpg\" alt=\"\" class=\"wp-image-598\" srcset=\"https:\/\/www.cieleszevadees.com\/wp-content\/uploads\/2024\/10\/DSC_0336-683x1024.jpg 683w, https:\/\/www.cieleszevadees.com\/wp-content\/uploads\/2024\/10\/DSC_0336-200x300.jpg 200w, https:\/\/www.cieleszevadees.com\/wp-content\/uploads\/2024\/10\/DSC_0336-768x1152.jpg 768w, https:\/\/www.cieleszevadees.com\/wp-content\/uploads\/2024\/10\/DSC_0336-1024x1536.jpg 1024w, https:\/\/www.cieleszevadees.com\/wp-content\/uploads\/2024\/10\/DSC_0336-1365x2048.jpg 1365w, https:\/\/www.cieleszevadees.com\/wp-content\/uploads\/2024\/10\/DSC_0336-scaled.jpg 1707w\" sizes=\"auto, (max-width: 683px) 100vw, 683px\" \/><\/a><\/figure>\n\n\n\n<figure class=\"wp-block-image size-large\"><a href=\"https:\/\/www.cieleszevadees.com\/wp-content\/uploads\/2024\/10\/DSC_0715-scaled.jpg\"><img loading=\"lazy\" decoding=\"async\" width=\"1024\" height=\"683\" data-id=\"590\" src=\"https:\/\/www.cieleszevadees.com\/wp-content\/uploads\/2024\/10\/DSC_0715-1024x683.jpg\" alt=\"\" class=\"wp-image-590\" srcset=\"https:\/\/www.cieleszevadees.com\/wp-content\/uploads\/2024\/10\/DSC_0715-1024x683.jpg 1024w, https:\/\/www.cieleszevadees.com\/wp-content\/uploads\/2024\/10\/DSC_0715-300x200.jpg 300w, https:\/\/www.cieleszevadees.com\/wp-content\/uploads\/2024\/10\/DSC_0715-768x512.jpg 768w, https:\/\/www.cieleszevadees.com\/wp-content\/uploads\/2024\/10\/DSC_0715-1536x1024.jpg 1536w, https:\/\/www.cieleszevadees.com\/wp-content\/uploads\/2024\/10\/DSC_0715-2048x1365.jpg 2048w\" sizes=\"auto, (max-width: 1024px) 100vw, 1024px\" \/><\/a><\/figure>\n\n\n\n<figure class=\"wp-block-image size-large\"><a href=\"https:\/\/www.cieleszevadees.com\/wp-content\/uploads\/2024\/10\/370625270_6429061670541111_5769157976281415679_n.jpg\"><img loading=\"lazy\" decoding=\"async\" width=\"461\" height=\"1024\" data-id=\"588\" src=\"https:\/\/www.cieleszevadees.com\/wp-content\/uploads\/2024\/10\/370625270_6429061670541111_5769157976281415679_n-461x1024.jpg\" alt=\"\" class=\"wp-image-588\" srcset=\"https:\/\/www.cieleszevadees.com\/wp-content\/uploads\/2024\/10\/370625270_6429061670541111_5769157976281415679_n-461x1024.jpg 461w, https:\/\/www.cieleszevadees.com\/wp-content\/uploads\/2024\/10\/370625270_6429061670541111_5769157976281415679_n-135x300.jpg 135w, https:\/\/www.cieleszevadees.com\/wp-content\/uploads\/2024\/10\/370625270_6429061670541111_5769157976281415679_n-691x1536.jpg 691w, https:\/\/www.cieleszevadees.com\/wp-content\/uploads\/2024\/10\/370625270_6429061670541111_5769157976281415679_n.jpg 720w\" sizes=\"auto, (max-width: 461px) 100vw, 461px\" \/><\/a><\/figure>\n\n\n\n<figure class=\"wp-block-image size-large\"><a href=\"https:\/\/www.cieleszevadees.com\/wp-content\/uploads\/2025\/09\/P1029095-scaled.jpg\"><img loading=\"lazy\" decoding=\"async\" width=\"2560\" height=\"2048\" data-id=\"912\" src=\"https:\/\/www.cieleszevadees.com\/wp-content\/uploads\/2025\/09\/P1029095-scaled.jpg\" alt=\"\" class=\"wp-image-912\" srcset=\"https:\/\/www.cieleszevadees.com\/wp-content\/uploads\/2025\/09\/P1029095-scaled.jpg 2560w, https:\/\/www.cieleszevadees.com\/wp-content\/uploads\/2025\/09\/P1029095-300x240.jpg 300w\" sizes=\"auto, (max-width: 2560px) 100vw, 2560px\" \/><\/a><\/figure>\n\n\n\n<figure class=\"wp-block-image size-large\"><a href=\"https:\/\/www.cieleszevadees.com\/wp-content\/uploads\/2024\/10\/1-scaled.jpg\"><img loading=\"lazy\" decoding=\"async\" width=\"1024\" height=\"636\" data-id=\"584\" src=\"https:\/\/www.cieleszevadees.com\/wp-content\/uploads\/2024\/10\/1-1024x636.jpg\" alt=\"\" class=\"wp-image-584\" srcset=\"https:\/\/www.cieleszevadees.com\/wp-content\/uploads\/2024\/10\/1-1024x636.jpg 1024w, https:\/\/www.cieleszevadees.com\/wp-content\/uploads\/2024\/10\/1-300x186.jpg 300w, https:\/\/www.cieleszevadees.com\/wp-content\/uploads\/2024\/10\/1-768x477.jpg 768w, https:\/\/www.cieleszevadees.com\/wp-content\/uploads\/2024\/10\/1-1536x953.jpg 1536w, https:\/\/www.cieleszevadees.com\/wp-content\/uploads\/2024\/10\/1-2048x1271.jpg 2048w\" sizes=\"auto, (max-width: 1024px) 100vw, 1024px\" \/><\/a><\/figure>\n\n\n\n<figure class=\"wp-block-image size-large\"><a href=\"https:\/\/www.cieleszevadees.com\/wp-content\/uploads\/2024\/10\/DSC_0352-scaled.jpg\"><img loading=\"lazy\" decoding=\"async\" width=\"1024\" height=\"683\" data-id=\"589\" src=\"https:\/\/www.cieleszevadees.com\/wp-content\/uploads\/2024\/10\/DSC_0352-1024x683.jpg\" alt=\"\" class=\"wp-image-589\" srcset=\"https:\/\/www.cieleszevadees.com\/wp-content\/uploads\/2024\/10\/DSC_0352-1024x683.jpg 1024w, https:\/\/www.cieleszevadees.com\/wp-content\/uploads\/2024\/10\/DSC_0352-300x200.jpg 300w, https:\/\/www.cieleszevadees.com\/wp-content\/uploads\/2024\/10\/DSC_0352-768x512.jpg 768w, https:\/\/www.cieleszevadees.com\/wp-content\/uploads\/2024\/10\/DSC_0352-1536x1024.jpg 1536w, https:\/\/www.cieleszevadees.com\/wp-content\/uploads\/2024\/10\/DSC_0352-2048x1365.jpg 2048w\" sizes=\"auto, (max-width: 1024px) 100vw, 1024px\" \/><\/a><\/figure>\n\n\n\n<figure class=\"wp-block-image size-large\"><a href=\"https:\/\/www.cieleszevadees.com\/wp-content\/uploads\/2025\/09\/P1029094-scaled.jpg\"><img loading=\"lazy\" decoding=\"async\" width=\"1437\" height=\"2560\" data-id=\"904\" src=\"https:\/\/www.cieleszevadees.com\/wp-content\/uploads\/2025\/09\/P1029094-scaled.jpg\" alt=\"\" class=\"wp-image-904\"\/><\/a><\/figure>\n\n\n\n<figure class=\"wp-block-image size-large\"><a href=\"https:\/\/www.cieleszevadees.com\/wp-content\/uploads\/2024\/10\/DSC_0706-scaled.jpg\"><img loading=\"lazy\" decoding=\"async\" width=\"1024\" height=\"683\" data-id=\"596\" src=\"https:\/\/www.cieleszevadees.com\/wp-content\/uploads\/2024\/10\/DSC_0706-1024x683.jpg\" alt=\"\" class=\"wp-image-596\" srcset=\"https:\/\/www.cieleszevadees.com\/wp-content\/uploads\/2024\/10\/DSC_0706-1024x683.jpg 1024w, https:\/\/www.cieleszevadees.com\/wp-content\/uploads\/2024\/10\/DSC_0706-300x200.jpg 300w, https:\/\/www.cieleszevadees.com\/wp-content\/uploads\/2024\/10\/DSC_0706-768x512.jpg 768w, https:\/\/www.cieleszevadees.com\/wp-content\/uploads\/2024\/10\/DSC_0706-1536x1024.jpg 1536w, https:\/\/www.cieleszevadees.com\/wp-content\/uploads\/2024\/10\/DSC_0706-2048x1365.jpg 2048w\" sizes=\"auto, (max-width: 1024px) 100vw, 1024px\" \/><\/a><\/figure>\n\n\n\n<figure class=\"wp-block-image size-large\"><a href=\"https:\/\/www.cieleszevadees.com\/wp-content\/uploads\/2024\/10\/photo-1.jpg\"><img loading=\"lazy\" decoding=\"async\" width=\"1024\" height=\"683\" data-id=\"583\" src=\"https:\/\/www.cieleszevadees.com\/wp-content\/uploads\/2024\/10\/photo-1-1024x683.jpg\" alt=\"\" class=\"wp-image-583\" srcset=\"https:\/\/www.cieleszevadees.com\/wp-content\/uploads\/2024\/10\/photo-1-1024x683.jpg 1024w, https:\/\/www.cieleszevadees.com\/wp-content\/uploads\/2024\/10\/photo-1-300x200.jpg 300w, https:\/\/www.cieleszevadees.com\/wp-content\/uploads\/2024\/10\/photo-1-768x512.jpg 768w, https:\/\/www.cieleszevadees.com\/wp-content\/uploads\/2024\/10\/photo-1-1536x1024.jpg 1536w, https:\/\/www.cieleszevadees.com\/wp-content\/uploads\/2024\/10\/photo-1.jpg 2048w\" sizes=\"auto, (max-width: 1024px) 100vw, 1024px\" \/><\/a><\/figure>\n\n\n\n<figure class=\"wp-block-image size-large\"><a href=\"https:\/\/www.cieleszevadees.com\/wp-content\/uploads\/2024\/10\/370517897_6429061720541106_1691790823347966572_n.jpg\"><img loading=\"lazy\" decoding=\"async\" width=\"461\" height=\"1024\" data-id=\"587\" src=\"https:\/\/www.cieleszevadees.com\/wp-content\/uploads\/2024\/10\/370517897_6429061720541106_1691790823347966572_n-461x1024.jpg\" alt=\"\" class=\"wp-image-587\" srcset=\"https:\/\/www.cieleszevadees.com\/wp-content\/uploads\/2024\/10\/370517897_6429061720541106_1691790823347966572_n-461x1024.jpg 461w, https:\/\/www.cieleszevadees.com\/wp-content\/uploads\/2024\/10\/370517897_6429061720541106_1691790823347966572_n-135x300.jpg 135w, https:\/\/www.cieleszevadees.com\/wp-content\/uploads\/2024\/10\/370517897_6429061720541106_1691790823347966572_n-691x1536.jpg 691w, https:\/\/www.cieleszevadees.com\/wp-content\/uploads\/2024\/10\/370517897_6429061720541106_1691790823347966572_n.jpg 720w\" sizes=\"auto, (max-width: 461px) 100vw, 461px\" \/><\/a><\/figure>\n\n\n\n<figure class=\"wp-block-image size-large\"><a href=\"https:\/\/www.cieleszevadees.com\/wp-content\/uploads\/2025\/10\/2025-ZAD_credit-photo-Jacques-Bialik-55-scaled.jpg\"><img loading=\"lazy\" decoding=\"async\" width=\"1024\" height=\"683\" data-id=\"939\" src=\"https:\/\/www.cieleszevadees.com\/wp-content\/uploads\/2025\/10\/2025-ZAD_credit-photo-Jacques-Bialik-55-1024x683.jpg\" alt=\"\" class=\"wp-image-939\" srcset=\"https:\/\/www.cieleszevadees.com\/wp-content\/uploads\/2025\/10\/2025-ZAD_credit-photo-Jacques-Bialik-55-1024x683.jpg 1024w, https:\/\/www.cieleszevadees.com\/wp-content\/uploads\/2025\/10\/2025-ZAD_credit-photo-Jacques-Bialik-55-300x200.jpg 300w, https:\/\/www.cieleszevadees.com\/wp-content\/uploads\/2025\/10\/2025-ZAD_credit-photo-Jacques-Bialik-55-768x512.jpg 768w, https:\/\/www.cieleszevadees.com\/wp-content\/uploads\/2025\/10\/2025-ZAD_credit-photo-Jacques-Bialik-55-1536x1024.jpg 1536w, https:\/\/www.cieleszevadees.com\/wp-content\/uploads\/2025\/10\/2025-ZAD_credit-photo-Jacques-Bialik-55-2048x1365.jpg 2048w\" sizes=\"auto, (max-width: 1024px) 100vw, 1024px\" \/><\/a><\/figure>\n\n\n\n<figure class=\"wp-block-image size-large\"><a href=\"https:\/\/www.cieleszevadees.com\/wp-content\/uploads\/2024\/10\/DSC_0702-scaled.jpg\"><img loading=\"lazy\" decoding=\"async\" width=\"1024\" height=\"683\" data-id=\"595\" src=\"https:\/\/www.cieleszevadees.com\/wp-content\/uploads\/2024\/10\/DSC_0702-1024x683.jpg\" alt=\"\" class=\"wp-image-595\" srcset=\"https:\/\/www.cieleszevadees.com\/wp-content\/uploads\/2024\/10\/DSC_0702-1024x683.jpg 1024w, https:\/\/www.cieleszevadees.com\/wp-content\/uploads\/2024\/10\/DSC_0702-300x200.jpg 300w, https:\/\/www.cieleszevadees.com\/wp-content\/uploads\/2024\/10\/DSC_0702-768x512.jpg 768w, https:\/\/www.cieleszevadees.com\/wp-content\/uploads\/2024\/10\/DSC_0702-1536x1024.jpg 1536w, https:\/\/www.cieleszevadees.com\/wp-content\/uploads\/2024\/10\/DSC_0702-2048x1365.jpg 2048w\" sizes=\"auto, (max-width: 1024px) 100vw, 1024px\" \/><\/a><\/figure>\n\n\n\n<figure class=\"wp-block-image size-large\"><a href=\"https:\/\/www.cieleszevadees.com\/wp-content\/uploads\/2024\/10\/DSC_0360-scaled.jpg\"><img loading=\"lazy\" decoding=\"async\" width=\"1024\" height=\"683\" data-id=\"593\" src=\"https:\/\/www.cieleszevadees.com\/wp-content\/uploads\/2024\/10\/DSC_0360-1024x683.jpg\" alt=\"\" class=\"wp-image-593\" srcset=\"https:\/\/www.cieleszevadees.com\/wp-content\/uploads\/2024\/10\/DSC_0360-1024x683.jpg 1024w, https:\/\/www.cieleszevadees.com\/wp-content\/uploads\/2024\/10\/DSC_0360-300x200.jpg 300w, https:\/\/www.cieleszevadees.com\/wp-content\/uploads\/2024\/10\/DSC_0360-768x512.jpg 768w, https:\/\/www.cieleszevadees.com\/wp-content\/uploads\/2024\/10\/DSC_0360-1536x1024.jpg 1536w, https:\/\/www.cieleszevadees.com\/wp-content\/uploads\/2024\/10\/DSC_0360-2048x1365.jpg 2048w\" sizes=\"auto, (max-width: 1024px) 100vw, 1024px\" \/><\/a><\/figure>\n\n\n\n<figure class=\"wp-block-image size-large\"><a href=\"https:\/\/www.cieleszevadees.com\/wp-content\/uploads\/2025\/09\/P1029071-scaled.jpg\"><img loading=\"lazy\" decoding=\"async\" width=\"683\" height=\"1024\" data-id=\"914\" src=\"https:\/\/www.cieleszevadees.com\/wp-content\/uploads\/2025\/09\/P1029071-683x1024.jpg\" alt=\"\" class=\"wp-image-914\" srcset=\"https:\/\/www.cieleszevadees.com\/wp-content\/uploads\/2025\/09\/P1029071-683x1024.jpg 683w, https:\/\/www.cieleszevadees.com\/wp-content\/uploads\/2025\/09\/P1029071-200x300.jpg 200w, https:\/\/www.cieleszevadees.com\/wp-content\/uploads\/2025\/09\/P1029071-768x1152.jpg 768w, https:\/\/www.cieleszevadees.com\/wp-content\/uploads\/2025\/09\/P1029071-1024x1536.jpg 1024w, https:\/\/www.cieleszevadees.com\/wp-content\/uploads\/2025\/09\/P1029071-1365x2048.jpg 1365w, https:\/\/www.cieleszevadees.com\/wp-content\/uploads\/2025\/09\/P1029071-scaled.jpg 1707w\" sizes=\"auto, (max-width: 683px) 100vw, 683px\" \/><\/a><\/figure>\n\n\n\n<figure class=\"wp-block-image size-large\"><a href=\"https:\/\/www.cieleszevadees.com\/wp-content\/uploads\/2024\/10\/DSC_0354-scaled.jpg\"><img loading=\"lazy\" decoding=\"async\" width=\"683\" height=\"1024\" data-id=\"592\" src=\"https:\/\/www.cieleszevadees.com\/wp-content\/uploads\/2024\/10\/DSC_0354-683x1024.jpg\" alt=\"\" class=\"wp-image-592\" srcset=\"https:\/\/www.cieleszevadees.com\/wp-content\/uploads\/2024\/10\/DSC_0354-683x1024.jpg 683w, https:\/\/www.cieleszevadees.com\/wp-content\/uploads\/2024\/10\/DSC_0354-200x300.jpg 200w, https:\/\/www.cieleszevadees.com\/wp-content\/uploads\/2024\/10\/DSC_0354-768x1152.jpg 768w, https:\/\/www.cieleszevadees.com\/wp-content\/uploads\/2024\/10\/DSC_0354-1024x1536.jpg 1024w, https:\/\/www.cieleszevadees.com\/wp-content\/uploads\/2024\/10\/DSC_0354-1365x2048.jpg 1365w, https:\/\/www.cieleszevadees.com\/wp-content\/uploads\/2024\/10\/DSC_0354-scaled.jpg 1707w\" sizes=\"auto, (max-width: 683px) 100vw, 683px\" \/><\/a><\/figure>\n<\/figure>\n\n\n\n<pre class=\"wp-block-verse has-system-font-font-family has-small-font-size\" style=\"font-style:normal;font-weight:300\"><br><br><br>\"Je(ux) m\u00e9caniques\", Festival Zone \u00c0 Danser, Auditorium de Bergerac, avril 2025<br>\"R\u00eaves\" Festival Zone \u00c0 Danser, Auditorium de Bergerac, avril 2024 <br>Autour de \"Poudres aux yeux\", Entr\u00e9e du centre culturel Michel Manet, en amont du concert de Jeanne Added, d\u00e9cembre 2023<br>\"le cri\", gala de Ribambelle, th\u00e9\u00e2tre la Gargouille, 2023<br>Autour de \"les z'\u00e9vad\u00e9es chap II : \u00e0 la rencontre de Guliver\", Clo\u00eetre des R\u00e9collets, Bergerac, juin 2023 (production Cie du S\u00fbr Saut)<br><br>Soutiens \/ partenaires : BIJ ESPACE JEUNES, CA, partenaires du Festival Zone \u00c0 Danser<\/pre>\n\n\n\n<p><\/p>\n","protected":false},"excerpt":{"rendered":"<p>La Cie Les Z&rsquo;\u00e9vad\u00e9es propose des ateliers chor\u00e9graphiques autour de ses pi\u00e8ces en cours ou bien en totale cr\u00e9ation avec les participantes et participants. Son ambition principale est celle de partager des outils de composition chor\u00e9graphique afin que chacune et chacun puisse se les approprier via sa propre corporalit\u00e9. APPEL AUX AMOUREUSES ET AMOUREUX DU [&hellip;]<\/p>\n","protected":false},"author":1,"featured_media":912,"parent":367,"menu_order":0,"comment_status":"closed","ping_status":"closed","template":"","meta":{"footnotes":""},"class_list":["post-518","page","type-page","status-publish","has-post-thumbnail","hentry"],"_links":{"self":[{"href":"https:\/\/www.cieleszevadees.com\/index.php\/wp-json\/wp\/v2\/pages\/518","targetHints":{"allow":["GET"]}}],"collection":[{"href":"https:\/\/www.cieleszevadees.com\/index.php\/wp-json\/wp\/v2\/pages"}],"about":[{"href":"https:\/\/www.cieleszevadees.com\/index.php\/wp-json\/wp\/v2\/types\/page"}],"author":[{"embeddable":true,"href":"https:\/\/www.cieleszevadees.com\/index.php\/wp-json\/wp\/v2\/users\/1"}],"replies":[{"embeddable":true,"href":"https:\/\/www.cieleszevadees.com\/index.php\/wp-json\/wp\/v2\/comments?post=518"}],"version-history":[{"count":19,"href":"https:\/\/www.cieleszevadees.com\/index.php\/wp-json\/wp\/v2\/pages\/518\/revisions"}],"predecessor-version":[{"id":941,"href":"https:\/\/www.cieleszevadees.com\/index.php\/wp-json\/wp\/v2\/pages\/518\/revisions\/941"}],"up":[{"embeddable":true,"href":"https:\/\/www.cieleszevadees.com\/index.php\/wp-json\/wp\/v2\/pages\/367"}],"wp:featuredmedia":[{"embeddable":true,"href":"https:\/\/www.cieleszevadees.com\/index.php\/wp-json\/wp\/v2\/media\/912"}],"wp:attachment":[{"href":"https:\/\/www.cieleszevadees.com\/index.php\/wp-json\/wp\/v2\/media?parent=518"}],"curies":[{"name":"wp","href":"https:\/\/api.w.org\/{rel}","templated":true}]}}