{"id":506,"date":"2024-09-17T18:59:09","date_gmt":"2024-09-17T16:59:09","guid":{"rendered":"https:\/\/www.cieleszevadees.com\/?page_id=506"},"modified":"2025-10-22T10:10:02","modified_gmt":"2025-10-22T08:10:02","slug":"les-complices","status":"publish","type":"page","link":"https:\/\/www.cieleszevadees.com\/index.php\/les-zevadees\/les-complices\/","title":{"rendered":"Les Complices"},"content":{"rendered":"\n<pre class=\"wp-block-verse\"><br><br><\/pre>\n\n\n\n<p><\/p>\n\n\n\n<p><\/p>\n\n\n\n<h2 class=\"wp-block-heading has-system-font-font-family\" style=\"font-size:clamp(0.984rem, 0.984rem + ((1vw - 0.2rem) * 0.938), 1.5rem);font-style:normal;font-weight:300\">Ludovic Moulinard : technicien son et lumi\u00e8re<\/h2>\n\n\n\n<p><\/p>\n\n\n\n<pre class=\"wp-block-verse\"><br><\/pre>\n\n\n\n<p class=\"has-text-align-left has-system-font-font-family has-medium-font-size\" style=\"font-style:normal;font-weight:300\">Plus qu&rsquo;un technicien, Ludo est un vrai cr\u00e9ateur qui sait saisir la sensibilit\u00e9 des propositions artistiques. C&rsquo;est celui qu&rsquo;on ne voit pas mais qui est essentiel aux processus de cr\u00e9ation ainsi que sur les moments de repr\u00e9sentation.<\/p>\n\n\n\n<pre class=\"wp-block-verse\"><br><\/pre>\n\n\n\n<pre class=\"wp-block-verse\"><br><\/pre>\n\n\n\n<p><\/p>\n\n\n\n<p><\/p>\n\n\n\n<p class=\"has-system-font-font-family has-medium-font-size\" style=\"font-style:normal;font-weight:300\"><\/p>\n\n\n\n<h2 class=\"wp-block-heading has-system-font-font-family\" style=\"font-size:clamp(0.984rem, 0.984rem + ((1vw - 0.2rem) * 0.938), 1.5rem);font-style:normal;font-weight:300\">David Martinez : aide \u00e0 l&rsquo;administration et la diffusion, membre de l&rsquo;association Ribambelle.<\/h2>\n\n\n\n<pre class=\"wp-block-verse has-system-font-font-family has-medium-font-size\" style=\"font-style:normal;font-weight:300\"><br>C'est l'homme qui facilite les conditions de nos \u00e9vasions au quotidien : administration, diffusion, aide logistique, photo parfois, c'est notre plus ancien complice...<br>Entre conseils avis\u00e9s et d\u00e9bats anim\u00e9s, il fait pleinement partie de la vie des Z'\u00e9vad\u00e9es !<br> <br><br><\/pre>\n\n\n\n<h2 class=\"wp-block-heading has-system-font-font-family\" style=\"font-size:clamp(0.984rem, 0.984rem + ((1vw - 0.2rem) * 0.938), 1.5rem);font-style:normal;font-weight:300\">Ga\u00ebl Delpech <\/h2>\n\n\n\n<pre class=\"wp-block-verse has-system-font-font-family has-medium-font-size\" style=\"font-style:normal;font-weight:300\"><br>Il suit le travail de la compagnie depuis le d\u00e9but, et a su poser son regard de vid\u00e9aste et de graphiste de mani\u00e8re juste et attentionn\u00e9e sur nos diff\u00e9rents projets. <br>Nous lui devons notamment notre logo, une fa\u00e7on de poser sa patte sur notre identit\u00e9...<br> <br><br>Et enfin un grand MERCI \u00e0 nos regards complices : ceux de l'\u00e9quipe de Plateau_1, de Jacques Bialik et Pauline Fournier, cr\u00e9ateurs des photographies qui agr\u00e9mentent notre site.<br><br> <br><br><\/pre>\n\n\n\n<pre class=\"wp-block-verse\"><br><\/pre>\n\n\n\n<h2 class=\"wp-block-heading has-text-align-left has-amalfi-font-family has-x-large-font-size\">Les Passagers<\/h2>\n\n\n\n<pre class=\"wp-block-verse\"><br><br><\/pre>\n\n\n\n<p class=\"has-text-align-center has-system-font-font-family has-medium-font-size\" style=\"font-style:normal;font-weight:300\">Les artistes actuels, qui sont ou ont \u00e9t\u00e9 de passage, invit\u00e9s \u00e0 partager leur sensibilit\u00e9 artistique avec les Z&rsquo;\u00e9vad\u00e9es. Si vous souhaitez en savoir plus n&rsquo;h\u00e9sitez pas \u00e0 cliquer sur leurs photos et d\u00e9couvrir leur travail..<\/p>\n\n\n\n<pre class=\"wp-block-verse\"><br><br><\/pre>\n\n\n\n<p class=\"has-bad-script-font-family has-medium-font-size\"><\/p>\n\n\n\n<figure class=\"wp-block-gallery aligncenter has-nested-images columns-4 is-cropped wp-block-gallery-1 is-layout-flex wp-block-gallery-is-layout-flex\">\n<figure class=\"wp-block-image size-large is-style-default\"><img loading=\"lazy\" decoding=\"async\" width=\"1024\" height=\"769\" data-id=\"533\" src=\"https:\/\/www.cieleszevadees.com\/wp-content\/uploads\/2024\/09\/P1050978-light-1024x769.jpg\" alt=\"\" class=\"wp-image-533\" srcset=\"https:\/\/www.cieleszevadees.com\/wp-content\/uploads\/2024\/09\/P1050978-light-1024x769.jpg 1024w, https:\/\/www.cieleszevadees.com\/wp-content\/uploads\/2024\/09\/P1050978-light-300x225.jpg 300w, https:\/\/www.cieleszevadees.com\/wp-content\/uploads\/2024\/09\/P1050978-light-768x576.jpg 768w, https:\/\/www.cieleszevadees.com\/wp-content\/uploads\/2024\/09\/P1050978-light-1536x1153.jpg 1536w, https:\/\/www.cieleszevadees.com\/wp-content\/uploads\/2024\/09\/P1050978-light.jpg 2004w\" sizes=\"auto, (max-width: 1024px) 100vw, 1024px\" \/><figcaption class=\"wp-element-caption\"><a href=\"https:\/\/belaetcome.com\/\" data-type=\"link\" data-id=\"https:\/\/belaetcome.com\/\" target=\"_blank\" rel=\"noreferrer noopener\">Bela Balsa<\/a><\/figcaption><\/figure>\n\n\n\n<figure class=\"wp-block-image size-large\"><img loading=\"lazy\" decoding=\"async\" width=\"1024\" height=\"683\" data-id=\"607\" src=\"http:\/\/www.cieleszevadees.com\/wp-content\/uploads\/2024\/10\/DSC_0230-1024x683.jpg\" alt=\"\" class=\"wp-image-607\" srcset=\"https:\/\/www.cieleszevadees.com\/wp-content\/uploads\/2024\/10\/DSC_0230-1024x683.jpg 1024w, https:\/\/www.cieleszevadees.com\/wp-content\/uploads\/2024\/10\/DSC_0230-300x200.jpg 300w, https:\/\/www.cieleszevadees.com\/wp-content\/uploads\/2024\/10\/DSC_0230-768x512.jpg 768w, https:\/\/www.cieleszevadees.com\/wp-content\/uploads\/2024\/10\/DSC_0230-1536x1024.jpg 1536w, https:\/\/www.cieleszevadees.com\/wp-content\/uploads\/2024\/10\/DSC_0230-2048x1365.jpg 2048w\" sizes=\"auto, (max-width: 1024px) 100vw, 1024px\" \/><figcaption class=\"wp-element-caption\">Matthieu Cahuzac<\/figcaption><\/figure>\n\n\n\n<figure class=\"wp-block-image size-large is-style-default\"><img loading=\"lazy\" decoding=\"async\" width=\"683\" height=\"1024\" data-id=\"254\" src=\"https:\/\/www.cieleszevadees.com\/wp-content\/uploads\/2024\/07\/t4-683x1024.jpg\" alt=\"\" class=\"wp-image-254\" srcset=\"https:\/\/www.cieleszevadees.com\/wp-content\/uploads\/2024\/07\/t4-683x1024.jpg 683w, https:\/\/www.cieleszevadees.com\/wp-content\/uploads\/2024\/07\/t4-200x300.jpg 200w, https:\/\/www.cieleszevadees.com\/wp-content\/uploads\/2024\/07\/t4-768x1152.jpg 768w, https:\/\/www.cieleszevadees.com\/wp-content\/uploads\/2024\/07\/t4-1024x1536.jpg 1024w, https:\/\/www.cieleszevadees.com\/wp-content\/uploads\/2024\/07\/t4-720x1080.jpg 720w, https:\/\/www.cieleszevadees.com\/wp-content\/uploads\/2024\/07\/t4.jpg 1080w\" sizes=\"auto, (max-width: 683px) 100vw, 683px\" \/><figcaption class=\"wp-element-caption\"><a href=\"https:\/\/www.instagram.com\/athanase.prof1088?utm_source=ig_web_button_share_sheet&amp;igsh=ZDNlZDc0MzIxNw==\" data-type=\"link\" data-id=\"https:\/\/www.instagram.com\/athanase.prof1088?utm_source=ig_web_button_share_sheet&amp;igsh=ZDNlZDc0MzIxNw==\" target=\"_blank\" rel=\"noreferrer noopener\">Athanase Koffi <\/a><\/figcaption><\/figure>\n\n\n\n<figure class=\"wp-block-image size-large is-style-default\"><img loading=\"lazy\" decoding=\"async\" width=\"1024\" height=\"683\" data-id=\"527\" src=\"https:\/\/www.cieleszevadees.com\/wp-content\/uploads\/2024\/09\/DSC_0783-1024x683.jpg\" alt=\"\" class=\"wp-image-527\" srcset=\"https:\/\/www.cieleszevadees.com\/wp-content\/uploads\/2024\/09\/DSC_0783-1024x683.jpg 1024w, https:\/\/www.cieleszevadees.com\/wp-content\/uploads\/2024\/09\/DSC_0783-300x200.jpg 300w, https:\/\/www.cieleszevadees.com\/wp-content\/uploads\/2024\/09\/DSC_0783-768x512.jpg 768w, https:\/\/www.cieleszevadees.com\/wp-content\/uploads\/2024\/09\/DSC_0783-1536x1024.jpg 1536w, https:\/\/www.cieleszevadees.com\/wp-content\/uploads\/2024\/09\/DSC_0783-2048x1365.jpg 2048w\" sizes=\"auto, (max-width: 1024px) 100vw, 1024px\" \/><figcaption class=\"wp-element-caption\">Mathieu Laurent<\/figcaption><\/figure>\n\n\n\n<figure class=\"wp-block-image size-large is-style-default\"><img decoding=\"async\" data-id=\"98\" src=\"https:\/\/www.cieleszevadees.com\/wp-content\/uploads\/2024\/07\/transhumances-3.jpg\" alt=\"\" class=\"wp-image-98\"\/><figcaption class=\"wp-element-caption\">Katy Manyongo<\/figcaption><\/figure>\n\n\n\n<figure class=\"wp-block-image size-large is-style-default\"><img loading=\"lazy\" decoding=\"async\" width=\"1024\" height=\"769\" data-id=\"535\" src=\"https:\/\/www.cieleszevadees.com\/wp-content\/uploads\/2024\/09\/P1050984-light-1024x769.jpg\" alt=\"\" class=\"wp-image-535\" srcset=\"https:\/\/www.cieleszevadees.com\/wp-content\/uploads\/2024\/09\/P1050984-light-1024x769.jpg 1024w, https:\/\/www.cieleszevadees.com\/wp-content\/uploads\/2024\/09\/P1050984-light-300x225.jpg 300w, https:\/\/www.cieleszevadees.com\/wp-content\/uploads\/2024\/09\/P1050984-light-768x576.jpg 768w, https:\/\/www.cieleszevadees.com\/wp-content\/uploads\/2024\/09\/P1050984-light-1536x1153.jpg 1536w, https:\/\/www.cieleszevadees.com\/wp-content\/uploads\/2024\/09\/P1050984-light.jpg 2004w\" sizes=\"auto, (max-width: 1024px) 100vw, 1024px\" \/><figcaption class=\"wp-element-caption\"><a href=\"https:\/\/www.ciedusursaut.com\/\" data-type=\"link\" data-id=\"https:\/\/www.ciedusursaut.com\/\" target=\"_blank\" rel=\"noreferrer noopener\">Anthony Tricard<\/a><\/figcaption><\/figure>\n\n\n\n<figure class=\"wp-block-image size-large\" style=\"margin-top:0;margin-bottom:0\"><img loading=\"lazy\" decoding=\"async\" width=\"683\" height=\"1024\" data-id=\"944\" src=\"https:\/\/www.cieleszevadees.com\/wp-content\/uploads\/2025\/10\/Ryon15-D-683x1024.jpg\" alt=\"Nicolas P\u00e9nicaud\" class=\"wp-image-944\" srcset=\"https:\/\/www.cieleszevadees.com\/wp-content\/uploads\/2025\/10\/Ryon15-D-683x1024.jpg 683w, https:\/\/www.cieleszevadees.com\/wp-content\/uploads\/2025\/10\/Ryon15-D-200x300.jpg 200w, https:\/\/www.cieleszevadees.com\/wp-content\/uploads\/2025\/10\/Ryon15-D-768x1152.jpg 768w, https:\/\/www.cieleszevadees.com\/wp-content\/uploads\/2025\/10\/Ryon15-D.jpg 1000w\" sizes=\"auto, (max-width: 683px) 100vw, 683px\" \/><figcaption class=\"wp-element-caption\">Nicolas P\u00e9nicaud<\/figcaption><\/figure>\n<\/figure>\n\n\n\n<pre class=\"wp-block-verse\"><br><\/pre>\n\n\n\n<pre class=\"wp-block-verse has-tertiary-color has-text-color has-link-color has-ibm-plex-mono-font-family wp-elements-4c09a40a56ae4453389e457d0bddb75b\"><br><br><br><\/pre>\n\n\n\n<h2 class=\"wp-block-heading has-amalfi-font-family has-x-large-font-size\">Le Refuge <\/h2>\n\n\n\n<pre class=\"wp-block-verse\"><br><br><\/pre>\n\n\n\n<pre class=\"wp-block-verse\"><br><\/pre>\n\n\n\n<p><\/p>\n\n\n\n<p><\/p>\n\n\n\n<p><\/p>\n\n\n\n<div class=\"wp-block-columns is-layout-flex wp-container-core-columns-is-layout-edcd1616 wp-block-columns-is-layout-flex\" style=\"margin-top:0;margin-bottom:0;padding-right:var(--wp--preset--spacing--40);padding-left:var(--wp--preset--spacing--40)\">\n<div class=\"wp-block-column is-layout-flow wp-block-column-is-layout-flow\" style=\"flex-basis:100%\">\n<figure class=\"wp-block-gallery aligncenter has-nested-images columns-default is-cropped wp-block-gallery-2 is-layout-flex wp-block-gallery-is-layout-flex\">\n<figure class=\"wp-block-image size-large\"><img loading=\"lazy\" decoding=\"async\" width=\"768\" height=\"1024\" data-id=\"738\" src=\"https:\/\/www.cieleszevadees.com\/wp-content\/uploads\/2024\/10\/Salle-1-768x1024.jpg\" alt=\"\" class=\"wp-image-738\" srcset=\"https:\/\/www.cieleszevadees.com\/wp-content\/uploads\/2024\/10\/Salle-1-768x1024.jpg 768w, https:\/\/www.cieleszevadees.com\/wp-content\/uploads\/2024\/10\/Salle-1-225x300.jpg 225w, https:\/\/www.cieleszevadees.com\/wp-content\/uploads\/2024\/10\/Salle-1-1152x1536.jpg 1152w, https:\/\/www.cieleszevadees.com\/wp-content\/uploads\/2024\/10\/Salle-1-1536x2048.jpg 1536w, https:\/\/www.cieleszevadees.com\/wp-content\/uploads\/2024\/10\/Salle-1-scaled.jpg 1920w\" sizes=\"auto, (max-width: 768px) 100vw, 768px\" \/><\/figure>\n\n\n\n<figure class=\"wp-block-image size-large\"><img loading=\"lazy\" decoding=\"async\" width=\"720\" height=\"540\" data-id=\"694\" src=\"https:\/\/www.cieleszevadees.com\/wp-content\/uploads\/2024\/10\/nouvelle-salle-2.jpg\" alt=\"\" class=\"wp-image-694\" srcset=\"https:\/\/www.cieleszevadees.com\/wp-content\/uploads\/2024\/10\/nouvelle-salle-2.jpg 720w, https:\/\/www.cieleszevadees.com\/wp-content\/uploads\/2024\/10\/nouvelle-salle-2-300x225.jpg 300w\" sizes=\"auto, (max-width: 720px) 100vw, 720px\" \/><\/figure>\n<\/figure>\n<\/div>\n<\/div>\n\n\n\n<pre class=\"wp-block-verse\"><\/pre>\n\n\n\n<pre class=\"wp-block-verse has-text-align-center has-system-font-font-family has-medium-font-size\" style=\"font-style:normal;font-weight:300\"><br>Ribambelle, une asso qu'elle est bien pour y danser ! <br>Cr\u00e9\u00e9e par Cathy H\u00e9rouard, Ribambelle est une association&nbsp;loi 1901&nbsp;ayant pour objet de faire vivre un lieu (La haute Ribeyrie \u00e0 Queyssac) au travers d'activit\u00e9s artistiques et culturelles, notamment la danse. Tout en conservant une r\u00e9elle ind\u00e9pendance, elle travaille avec les collectivit\u00e9s, associations et entreprises locales pour faire vivre la danse et la culture&nbsp;dans le P\u00e9rigord.<br><br><\/pre>\n\n\n\n<figure class=\"wp-block-image aligncenter size-large is-resized wp-duotone-8c00b7-f6f6f6-3\"><a href=\"https:\/\/www.assoribambelle.com\/\" target=\"_blank\" rel=\"noreferrer noopener\"><img loading=\"lazy\" decoding=\"async\" width=\"798\" height=\"1024\" src=\"http:\/\/www.cieleszevadees.com\/wp-content\/uploads\/2024\/10\/logo-ribambelle-798x1024.png\" alt=\"\" class=\"wp-image-564\" style=\"width:103px;height:auto\" srcset=\"https:\/\/www.cieleszevadees.com\/wp-content\/uploads\/2024\/10\/logo-ribambelle-798x1024.png 798w, https:\/\/www.cieleszevadees.com\/wp-content\/uploads\/2024\/10\/logo-ribambelle-234x300.png 234w, https:\/\/www.cieleszevadees.com\/wp-content\/uploads\/2024\/10\/logo-ribambelle-768x986.png 768w, https:\/\/www.cieleszevadees.com\/wp-content\/uploads\/2024\/10\/logo-ribambelle.png 1178w\" sizes=\"auto, (max-width: 798px) 100vw, 798px\" \/><\/a><\/figure>\n\n\n\n<pre class=\"wp-block-verse\"><br><br><br><\/pre>\n\n\n\n<p><\/p>\n\n\n\n<p><\/p>\n\n\n\n<h2 class=\"wp-block-heading has-amalfi-font-family has-x-large-font-size\">Les Soutiens et Partenaires<\/h2>\n\n\n\n<p><\/p>\n\n\n\n<p><\/p>\n\n\n\n<p><\/p>\n\n\n\n<pre class=\"wp-block-verse has-system-font-font-family\" style=\"font-style:normal;font-weight:300\"> <\/pre>\n\n\n\n<pre class=\"wp-block-verse has-text-align-center has-system-font-font-family has-medium-font-size\" style=\"font-style:normal;font-weight:300\"><br><br>La Cie les Z'\u00e9vad\u00e9es sort parfois de son refuge et a le plaisir de travailler et\/ou se produire dans des lieux divers et vari\u00e9s.<br><br><\/pre>\n\n\n\n<p><\/p>\n\n\n\n<p><\/p>\n\n\n\n<p><\/p>\n\n\n\n<p><\/p>\n\n\n\n<figure class=\"wp-block-gallery aligncenter has-nested-images columns-4 is-cropped wp-block-gallery-4 is-layout-flex wp-block-gallery-is-layout-flex\">\n<figure class=\"wp-block-image size-large\"><img loading=\"lazy\" decoding=\"async\" width=\"400\" height=\"400\" data-id=\"560\" src=\"https:\/\/www.cieleszevadees.com\/wp-content\/uploads\/2024\/10\/logo.png\" alt=\"\" class=\"wp-image-560\" srcset=\"https:\/\/www.cieleszevadees.com\/wp-content\/uploads\/2024\/10\/logo.png 400w, https:\/\/www.cieleszevadees.com\/wp-content\/uploads\/2024\/10\/logo-300x300.png 300w, https:\/\/www.cieleszevadees.com\/wp-content\/uploads\/2024\/10\/logo-150x150.png 150w\" sizes=\"auto, (max-width: 400px) 100vw, 400px\" \/><figcaption class=\"wp-element-caption\">fondation john bost La Force<\/figcaption><\/figure>\n\n\n\n<figure class=\"wp-block-image size-large\"><img loading=\"lazy\" decoding=\"async\" width=\"280\" height=\"140\" data-id=\"559\" src=\"https:\/\/www.cieleszevadees.com\/wp-content\/uploads\/2024\/10\/CAB-generique.png\" alt=\"\" class=\"wp-image-559\"\/><figcaption class=\"wp-element-caption\">Auditorium Fran\u00e7ois Mitterrand, Bergerac<\/figcaption><\/figure>\n\n\n\n<figure class=\"wp-block-image aligncenter size-full has-custom-border is-style-default\"><a href=\"https:\/\/theatre-leparadis.org\/\" target=\"_blank\" rel=\"noreferrer noopener\"><img loading=\"lazy\" decoding=\"async\" width=\"300\" height=\"200\" data-id=\"558\" src=\"https:\/\/www.cieleszevadees.com\/wp-content\/uploads\/2024\/10\/logo-le-paradis.jpg\" alt=\"\" class=\"wp-image-558\" style=\"border-radius:0px\"\/><\/a><\/figure>\n\n\n\n<figure class=\"wp-block-image aligncenter size-large\"><a href=\"https:\/\/www.theatrelagargouille.com\/\" target=\"_blank\" rel=\"noreferrer noopener\"><img loading=\"lazy\" decoding=\"async\" width=\"804\" height=\"1024\" data-id=\"700\" src=\"http:\/\/www.cieleszevadees.com\/wp-content\/uploads\/2024\/10\/chatnoir5-1608x2048-1-804x1024.png\" alt=\"\" class=\"wp-image-700\" srcset=\"https:\/\/www.cieleszevadees.com\/wp-content\/uploads\/2024\/10\/chatnoir5-1608x2048-1-804x1024.png 804w, https:\/\/www.cieleszevadees.com\/wp-content\/uploads\/2024\/10\/chatnoir5-1608x2048-1-236x300.png 236w, https:\/\/www.cieleszevadees.com\/wp-content\/uploads\/2024\/10\/chatnoir5-1608x2048-1-768x978.png 768w, https:\/\/www.cieleszevadees.com\/wp-content\/uploads\/2024\/10\/chatnoir5-1608x2048-1-1206x1536.png 1206w, https:\/\/www.cieleszevadees.com\/wp-content\/uploads\/2024\/10\/chatnoir5-1608x2048-1.png 1608w\" sizes=\"auto, (max-width: 804px) 100vw, 804px\" \/><\/a><figcaption class=\"wp-element-caption\">Th\u00e9\u00e2tre de la Gargouille, Bergerac<\/figcaption><\/figure>\n<\/figure>\n\n\n\n<p><\/p>\n","protected":false},"excerpt":{"rendered":"<p>Ludovic Moulinard : technicien son et lumi\u00e8re Plus qu&rsquo;un technicien, Ludo est un vrai cr\u00e9ateur qui sait saisir la sensibilit\u00e9 des propositions artistiques. C&rsquo;est celui qu&rsquo;on ne voit pas mais qui est essentiel aux processus de cr\u00e9ation ainsi que sur les moments de repr\u00e9sentation. David Martinez : aide \u00e0 l&rsquo;administration et la diffusion, membre de [&hellip;]<\/p>\n","protected":false},"author":1,"featured_media":0,"parent":367,"menu_order":0,"comment_status":"closed","ping_status":"closed","template":"","meta":{"footnotes":""},"class_list":["post-506","page","type-page","status-publish","hentry"],"_links":{"self":[{"href":"https:\/\/www.cieleszevadees.com\/index.php\/wp-json\/wp\/v2\/pages\/506","targetHints":{"allow":["GET"]}}],"collection":[{"href":"https:\/\/www.cieleszevadees.com\/index.php\/wp-json\/wp\/v2\/pages"}],"about":[{"href":"https:\/\/www.cieleszevadees.com\/index.php\/wp-json\/wp\/v2\/types\/page"}],"author":[{"embeddable":true,"href":"https:\/\/www.cieleszevadees.com\/index.php\/wp-json\/wp\/v2\/users\/1"}],"replies":[{"embeddable":true,"href":"https:\/\/www.cieleszevadees.com\/index.php\/wp-json\/wp\/v2\/comments?post=506"}],"version-history":[{"count":67,"href":"https:\/\/www.cieleszevadees.com\/index.php\/wp-json\/wp\/v2\/pages\/506\/revisions"}],"predecessor-version":[{"id":945,"href":"https:\/\/www.cieleszevadees.com\/index.php\/wp-json\/wp\/v2\/pages\/506\/revisions\/945"}],"up":[{"embeddable":true,"href":"https:\/\/www.cieleszevadees.com\/index.php\/wp-json\/wp\/v2\/pages\/367"}],"wp:attachment":[{"href":"https:\/\/www.cieleszevadees.com\/index.php\/wp-json\/wp\/v2\/media?parent=506"}],"curies":[{"name":"wp","href":"https:\/\/api.w.org\/{rel}","templated":true}]}}