{"id":285,"date":"2024-10-12T21:42:09","date_gmt":"2024-10-12T19:42:09","guid":{"rendered":"http:\/\/www.cieleszevadees.com\/?page_id=285"},"modified":"2025-09-08T18:39:18","modified_gmt":"2025-09-08T16:39:18","slug":"contact","status":"publish","type":"page","link":"https:\/\/www.cieleszevadees.com\/index.php\/contact\/","title":{"rendered":"Contact"},"content":{"rendered":"\n<p><\/p>\n\n\n\n<p><\/p>\n\n\n\n<pre class=\"wp-block-verse has-system-font-font-family\" style=\"font-style:normal;font-weight:300\">Pour toute information concernant nos dates \u00e0 venir,<br>nos spectacles, nos ateliers chor\u00e9graphiques<br>ou si vous souhaitez recevoir nos infos r\u00e9guli\u00e8res par mail !<\/pre>\n\n\n\n<p><\/p>\n\n\n\n<pre class=\"wp-block-verse\"><br><\/pre>\n\n\n\n<pre class=\"wp-block-verse has-system-font-font-family\" style=\"font-style:normal;font-weight:100\">cieleszevadees@gmail.com<br><br>06 85 27 27 71 \/ 06 25 48 36 87<\/pre>\n\n\n\n<pre class=\"wp-block-verse\"><br><br><\/pre>\n\n\n\n<p><\/p>\n\n\n\n<p class=\"has-system-font-font-family has-medium-font-size\" style=\"font-style:normal;font-weight:300\">Retrouvez nous sur les r\u00e9seaux ! <\/p>\n\n\n\n<pre class=\"wp-block-verse\"><br><\/pre>\n\n\n\n<pre class=\"wp-block-verse\"><br><\/pre>\n\n\n\n<pre class=\"wp-block-verse\"><br><\/pre>\n\n\n\n<figure class=\"wp-block-gallery aligncenter has-nested-images columns-3 is-cropped wp-block-gallery-1 is-layout-flex wp-block-gallery-is-layout-flex\">\n<figure class=\"wp-block-image size-large\"><a href=\"https:\/\/www.instagram.com\/cieleszevadees\/\" target=\"_blank\" rel=\"noreferrer noopener\"><img loading=\"lazy\" decoding=\"async\" width=\"920\" height=\"927\" data-id=\"686\" src=\"https:\/\/www.cieleszevadees.com\/wp-content\/uploads\/2024\/10\/instagram-logo-transparent-background-2.png\" alt=\"\" class=\"wp-image-686\" srcset=\"https:\/\/www.cieleszevadees.com\/wp-content\/uploads\/2024\/10\/instagram-logo-transparent-background-2.png 920w, https:\/\/www.cieleszevadees.com\/wp-content\/uploads\/2024\/10\/instagram-logo-transparent-background-2-298x300.png 298w, https:\/\/www.cieleszevadees.com\/wp-content\/uploads\/2024\/10\/instagram-logo-transparent-background-2-150x150.png 150w, https:\/\/www.cieleszevadees.com\/wp-content\/uploads\/2024\/10\/instagram-logo-transparent-background-2-768x774.png 768w\" sizes=\"auto, (max-width: 920px) 100vw, 920px\" \/><\/a><\/figure>\n\n\n\n<figure class=\"wp-block-image size-large has-custom-border\"><a href=\"https:\/\/www.facebook.com\/profile.php?id=61550903126072\" target=\"_blank\" rel=\"noreferrer noopener\"><img loading=\"lazy\" decoding=\"async\" width=\"1024\" height=\"1024\" data-id=\"688\" src=\"https:\/\/www.cieleszevadees.com\/wp-content\/uploads\/2024\/10\/facebook-logo-3-1024x1024.png\" alt=\"\" class=\"wp-image-688\" style=\"border-style:none;border-width:0px\" srcset=\"https:\/\/www.cieleszevadees.com\/wp-content\/uploads\/2024\/10\/facebook-logo-3-1024x1024.png 1024w, https:\/\/www.cieleszevadees.com\/wp-content\/uploads\/2024\/10\/facebook-logo-3-300x300.png 300w, https:\/\/www.cieleszevadees.com\/wp-content\/uploads\/2024\/10\/facebook-logo-3-150x150.png 150w, https:\/\/www.cieleszevadees.com\/wp-content\/uploads\/2024\/10\/facebook-logo-3-768x768.png 768w, https:\/\/www.cieleszevadees.com\/wp-content\/uploads\/2024\/10\/facebook-logo-3-1536x1536.png 1536w, https:\/\/www.cieleszevadees.com\/wp-content\/uploads\/2024\/10\/facebook-logo-3.png 2000w\" sizes=\"auto, (max-width: 1024px) 100vw, 1024px\" \/><\/a><\/figure>\n\n\n\n<figure class=\"wp-block-image size-large has-custom-border\"><a href=\"https:\/\/youtube.com\/@leszevadees?si=iIwapREn8wv6mh8Z\" target=\"_blank\" rel=\"noreferrer noopener\"><img loading=\"lazy\" decoding=\"async\" width=\"175\" height=\"175\" data-id=\"679\" src=\"https:\/\/www.cieleszevadees.com\/wp-content\/uploads\/2024\/10\/youtube.jpg\" alt=\"\" class=\"wp-image-679\" style=\"border-style:none;border-width:0px\" srcset=\"https:\/\/www.cieleszevadees.com\/wp-content\/uploads\/2024\/10\/youtube.jpg 175w, https:\/\/www.cieleszevadees.com\/wp-content\/uploads\/2024\/10\/youtube-150x150.jpg 150w\" sizes=\"auto, (max-width: 175px) 100vw, 175px\" \/><\/a><\/figure>\n<\/figure>\n\n\n\n<p><\/p>\n","protected":false},"excerpt":{"rendered":"<p>Pour toute information concernant nos dates \u00e0 venir,nos spectacles, nos ateliers chor\u00e9graphiquesou si vous souhaitez recevoir nos infos r\u00e9guli\u00e8res par mail ! cieleszevadees@gmail.com06 85 27 27 71 \/ 06 25 48 36 87 Retrouvez nous sur les r\u00e9seaux !<\/p>\n","protected":false},"author":1,"featured_media":434,"parent":0,"menu_order":0,"comment_status":"closed","ping_status":"closed","template":"contact","meta":{"footnotes":""},"class_list":["post-285","page","type-page","status-publish","has-post-thumbnail","hentry"],"_links":{"self":[{"href":"https:\/\/www.cieleszevadees.com\/index.php\/wp-json\/wp\/v2\/pages\/285","targetHints":{"allow":["GET"]}}],"collection":[{"href":"https:\/\/www.cieleszevadees.com\/index.php\/wp-json\/wp\/v2\/pages"}],"about":[{"href":"https:\/\/www.cieleszevadees.com\/index.php\/wp-json\/wp\/v2\/types\/page"}],"author":[{"embeddable":true,"href":"https:\/\/www.cieleszevadees.com\/index.php\/wp-json\/wp\/v2\/users\/1"}],"replies":[{"embeddable":true,"href":"https:\/\/www.cieleszevadees.com\/index.php\/wp-json\/wp\/v2\/comments?post=285"}],"version-history":[{"count":29,"href":"https:\/\/www.cieleszevadees.com\/index.php\/wp-json\/wp\/v2\/pages\/285\/revisions"}],"predecessor-version":[{"id":898,"href":"https:\/\/www.cieleszevadees.com\/index.php\/wp-json\/wp\/v2\/pages\/285\/revisions\/898"}],"wp:featuredmedia":[{"embeddable":true,"href":"https:\/\/www.cieleszevadees.com\/index.php\/wp-json\/wp\/v2\/media\/434"}],"wp:attachment":[{"href":"https:\/\/www.cieleszevadees.com\/index.php\/wp-json\/wp\/v2\/media?parent=285"}],"curies":[{"name":"wp","href":"https:\/\/api.w.org\/{rel}","templated":true}]}}