{"id":2,"date":"2024-06-25T16:56:35","date_gmt":"2024-06-25T14:56:35","guid":{"rendered":"http:\/\/www.cieleszevadees.com\/?page_id=2"},"modified":"2025-09-08T19:01:51","modified_gmt":"2025-09-08T17:01:51","slug":"zoneadanser","status":"publish","type":"page","link":"https:\/\/www.cieleszevadees.com\/index.php\/zone-a-danser\/zoneadanser\/","title":{"rendered":""},"content":{"rendered":"\n<p class=\"has-text-align-center has-system-font-font-family\" style=\"font-size:clamp(0.929rem, 0.929rem + ((1vw - 0.2rem) * 0.856), 1.4rem);\">RETOUR SUR LA DEUXIEME \u00a0\u00c9DITION DU FESTIVAL !<\/p>\n\n\n\n<p><\/p>\n\n\n\n<p class=\"has-text-align-center has-system-font-font-family\" style=\"font-size:clamp(0.929rem, 0.929rem + ((1vw - 0.2rem) * 0.856), 1.4rem);\">PROCHAINE \u00a0\u00c9DITION : du 24 au 26 avril 2026<\/p>\n\n\n\n<div class=\"wp-block-group has-global-padding is-layout-constrained wp-block-group-is-layout-constrained\"><\/div>\n\n\n\n<p><\/p>\n\n\n\n<figure class=\"wp-block-image size-full\" style=\"margin-top:var(--wp--preset--spacing--30);margin-bottom:var(--wp--preset--spacing--30)\"><img loading=\"lazy\" decoding=\"async\" width=\"851\" height=\"315\" src=\"https:\/\/www.cieleszevadees.com\/wp-content\/uploads\/2025\/01\/BANDEAU-FB_3.jpg\" alt=\"\" class=\"wp-image-812\" srcset=\"https:\/\/www.cieleszevadees.com\/wp-content\/uploads\/2025\/01\/BANDEAU-FB_3.jpg 851w, https:\/\/www.cieleszevadees.com\/wp-content\/uploads\/2025\/01\/BANDEAU-FB_3-300x111.jpg 300w, https:\/\/www.cieleszevadees.com\/wp-content\/uploads\/2025\/01\/BANDEAU-FB_3-768x284.jpg 768w\" sizes=\"auto, (max-width: 851px) 100vw, 851px\" \/><\/figure>\n\n\n\n<pre class=\"wp-block-verse\"><br><\/pre>\n\n\n\n<pre class=\"wp-block-verse has-text-align-center has-system-font-font-family\" style=\"padding-top:var(--wp--preset--spacing--30);padding-bottom:var(--wp--preset--spacing--30);font-size:clamp(0.875rem, 0.875rem + ((1vw - 0.2rem) * 0.227), 1rem);font-style:normal;font-weight:300\"> \u00c9vadez vous !<br> La<em> Zone \u00c0 Danser<\/em> est un festival de danse contemporaine organis\u00e9 par la Compagnie les Z\u2019\u00e9vad\u00e9es et l\u2019Association Ribambelle \u00e0 Queyssac et \u00e0 Bergerac. Sa volont\u00e9 est de pouvoir m\u00e9langer et faire se rencontrer les pratiques amateures et professionnelles. Rendez-vous pour des moments de partage et de danse lors de stages, de spectacles et de jam danse! <\/pre>\n\n\n\n<p><\/p>\n\n\n\n<p><\/p>\n\n\n\n<figure class=\"wp-block-embed is-type-video is-provider-youtube wp-block-embed-youtube wp-embed-aspect-16-9 wp-has-aspect-ratio\" style=\"margin-top:var(--wp--preset--spacing--30);margin-bottom:var(--wp--preset--spacing--30)\"><div class=\"wp-block-embed__wrapper\">\n<iframe loading=\"lazy\" title=\"teaser Festival Zone A Danser 2025\" width=\"500\" height=\"281\" src=\"https:\/\/www.youtube.com\/embed\/FkE-afKcX9Y?feature=oembed\" frameborder=\"0\" allow=\"accelerometer; autoplay; clipboard-write; encrypted-media; gyroscope; picture-in-picture; web-share\" referrerpolicy=\"strict-origin-when-cross-origin\" allowfullscreen><\/iframe>\n<\/div><\/figure>\n\n\n\n<pre class=\"wp-block-verse\"><\/pre>\n\n\n\n<figure class=\"wp-block-gallery has-nested-images columns-default is-cropped wp-block-gallery-1 is-layout-flex wp-block-gallery-is-layout-flex\">\n<figure class=\"wp-block-image size-large\"><img loading=\"lazy\" decoding=\"async\" width=\"1437\" height=\"2560\" data-id=\"916\" src=\"https:\/\/www.cieleszevadees.com\/wp-content\/uploads\/2025\/09\/P1028939-scaled.jpg\" alt=\"\" class=\"wp-image-916\" srcset=\"https:\/\/www.cieleszevadees.com\/wp-content\/uploads\/2025\/09\/P1028939-scaled.jpg 1437w, https:\/\/www.cieleszevadees.com\/wp-content\/uploads\/2025\/09\/P1028939-168x300.jpg 168w\" sizes=\"auto, (max-width: 1437px) 100vw, 1437px\" \/><\/figure>\n\n\n\n<figure class=\"wp-block-image size-large\"><img loading=\"lazy\" decoding=\"async\" width=\"1024\" height=\"576\" data-id=\"915\" src=\"https:\/\/www.cieleszevadees.com\/wp-content\/uploads\/2025\/09\/P1029063-1024x576.jpg\" alt=\"\" class=\"wp-image-915\" srcset=\"https:\/\/www.cieleszevadees.com\/wp-content\/uploads\/2025\/09\/P1029063-1024x576.jpg 1024w, https:\/\/www.cieleszevadees.com\/wp-content\/uploads\/2025\/09\/P1029063-300x169.jpg 300w, https:\/\/www.cieleszevadees.com\/wp-content\/uploads\/2025\/09\/P1029063-768x432.jpg 768w, https:\/\/www.cieleszevadees.com\/wp-content\/uploads\/2025\/09\/P1029063-1536x864.jpg 1536w, https:\/\/www.cieleszevadees.com\/wp-content\/uploads\/2025\/09\/P1029063-2048x1152.jpg 2048w\" sizes=\"auto, (max-width: 1024px) 100vw, 1024px\" \/><\/figure>\n\n\n\n<figure class=\"wp-block-image size-large\"><img loading=\"lazy\" decoding=\"async\" width=\"683\" height=\"1024\" data-id=\"914\" src=\"https:\/\/www.cieleszevadees.com\/wp-content\/uploads\/2025\/09\/P1029071-683x1024.jpg\" alt=\"\" class=\"wp-image-914\" srcset=\"https:\/\/www.cieleszevadees.com\/wp-content\/uploads\/2025\/09\/P1029071-683x1024.jpg 683w, https:\/\/www.cieleszevadees.com\/wp-content\/uploads\/2025\/09\/P1029071-200x300.jpg 200w, https:\/\/www.cieleszevadees.com\/wp-content\/uploads\/2025\/09\/P1029071-768x1152.jpg 768w, https:\/\/www.cieleszevadees.com\/wp-content\/uploads\/2025\/09\/P1029071-1024x1536.jpg 1024w, https:\/\/www.cieleszevadees.com\/wp-content\/uploads\/2025\/09\/P1029071-1365x2048.jpg 1365w, https:\/\/www.cieleszevadees.com\/wp-content\/uploads\/2025\/09\/P1029071-scaled.jpg 1707w\" sizes=\"auto, (max-width: 683px) 100vw, 683px\" \/><\/figure>\n\n\n\n<figure class=\"wp-block-image size-large\"><img decoding=\"async\" data-id=\"913\" src=\"https:\/\/www.cieleszevadees.com\/wp-content\/uploads\/2025\/09\/P1028968.jpg\" alt=\"\" class=\"wp-image-913\"\/><\/figure>\n\n\n\n<figure class=\"wp-block-image size-large\"><img loading=\"lazy\" decoding=\"async\" width=\"2560\" height=\"2048\" data-id=\"912\" src=\"https:\/\/www.cieleszevadees.com\/wp-content\/uploads\/2025\/09\/P1029095-scaled.jpg\" alt=\"\" class=\"wp-image-912\" srcset=\"https:\/\/www.cieleszevadees.com\/wp-content\/uploads\/2025\/09\/P1029095-scaled.jpg 2560w, https:\/\/www.cieleszevadees.com\/wp-content\/uploads\/2025\/09\/P1029095-300x240.jpg 300w\" sizes=\"auto, (max-width: 2560px) 100vw, 2560px\" \/><\/figure>\n\n\n\n<figure class=\"wp-block-image size-large\"><img decoding=\"async\" data-id=\"911\" src=\"https:\/\/www.cieleszevadees.com\/wp-content\/uploads\/2025\/09\/P1028961.jpg\" alt=\"\" class=\"wp-image-911\"\/><\/figure>\n\n\n\n<figure class=\"wp-block-image size-large\"><img loading=\"lazy\" decoding=\"async\" width=\"2048\" height=\"2560\" data-id=\"905\" src=\"https:\/\/www.cieleszevadees.com\/wp-content\/uploads\/2025\/09\/P1028866-scaled.jpg\" alt=\"\" class=\"wp-image-905\" srcset=\"https:\/\/www.cieleszevadees.com\/wp-content\/uploads\/2025\/09\/P1028866-scaled.jpg 2048w, https:\/\/www.cieleszevadees.com\/wp-content\/uploads\/2025\/09\/P1028866-240x300.jpg 240w\" sizes=\"auto, (max-width: 2048px) 100vw, 2048px\" \/><\/figure>\n\n\n\n<figure class=\"wp-block-image size-large\"><img decoding=\"async\" data-id=\"906\" src=\"https:\/\/www.cieleszevadees.com\/wp-content\/uploads\/2025\/09\/P1028790.jpg\" alt=\"\" class=\"wp-image-906\"\/><\/figure>\n\n\n\n<figure class=\"wp-block-image size-large\"><img decoding=\"async\" data-id=\"907\" src=\"https:\/\/www.cieleszevadees.com\/wp-content\/uploads\/2025\/09\/DSC_1157-r-1.jpg\" alt=\"\" class=\"wp-image-907\"\/><\/figure>\n\n\n\n<figure class=\"wp-block-image size-large\"><img decoding=\"async\" data-id=\"908\" src=\"https:\/\/www.cieleszevadees.com\/wp-content\/uploads\/2025\/09\/DSC_1193.jpg\" alt=\"\" class=\"wp-image-908\"\/><\/figure>\n\n\n\n<figure class=\"wp-block-image size-large\"><img decoding=\"async\" data-id=\"909\" src=\"https:\/\/www.cieleszevadees.com\/wp-content\/uploads\/2025\/09\/P1028794.jpg\" alt=\"\" class=\"wp-image-909\"\/><\/figure>\n\n\n\n<figure class=\"wp-block-image size-large\"><img decoding=\"async\" data-id=\"910\" src=\"https:\/\/www.cieleszevadees.com\/wp-content\/uploads\/2025\/09\/P1028712.jpg\" alt=\"\" class=\"wp-image-910\"\/><\/figure>\n\n\n\n<figure class=\"wp-block-image size-large\"><img loading=\"lazy\" decoding=\"async\" width=\"1437\" height=\"2560\" data-id=\"904\" src=\"https:\/\/www.cieleszevadees.com\/wp-content\/uploads\/2025\/09\/P1029094-scaled.jpg\" alt=\"\" class=\"wp-image-904\"\/><\/figure>\n\n\n\n<figure class=\"wp-block-image size-large\"><img loading=\"lazy\" decoding=\"async\" width=\"1024\" height=\"576\" data-id=\"903\" src=\"https:\/\/www.cieleszevadees.com\/wp-content\/uploads\/2025\/09\/P1029144-1024x576.jpg\" alt=\"\" class=\"wp-image-903\" srcset=\"https:\/\/www.cieleszevadees.com\/wp-content\/uploads\/2025\/09\/P1029144-1024x576.jpg 1024w, https:\/\/www.cieleszevadees.com\/wp-content\/uploads\/2025\/09\/P1029144-300x169.jpg 300w, https:\/\/www.cieleszevadees.com\/wp-content\/uploads\/2025\/09\/P1029144-768x432.jpg 768w\" sizes=\"auto, (max-width: 1024px) 100vw, 1024px\" \/><\/figure>\n\n\n\n<figure class=\"wp-block-image size-large\"><img loading=\"lazy\" decoding=\"async\" width=\"1024\" height=\"575\" data-id=\"902\" src=\"https:\/\/www.cieleszevadees.com\/wp-content\/uploads\/2025\/09\/P1029135-1024x575.jpg\" alt=\"\" class=\"wp-image-902\" srcset=\"https:\/\/www.cieleszevadees.com\/wp-content\/uploads\/2025\/09\/P1029135-1024x575.jpg 1024w, https:\/\/www.cieleszevadees.com\/wp-content\/uploads\/2025\/09\/P1029135-300x168.jpg 300w, https:\/\/www.cieleszevadees.com\/wp-content\/uploads\/2025\/09\/P1029135-768x431.jpg 768w, https:\/\/www.cieleszevadees.com\/wp-content\/uploads\/2025\/09\/P1029135-1536x862.jpg 1536w, https:\/\/www.cieleszevadees.com\/wp-content\/uploads\/2025\/09\/P1029135-2048x1150.jpg 2048w\" sizes=\"auto, (max-width: 1024px) 100vw, 1024px\" \/><\/figure>\n\n\n\n<figure class=\"wp-block-image size-large\"><img loading=\"lazy\" decoding=\"async\" width=\"1024\" height=\"512\" data-id=\"899\" src=\"https:\/\/www.cieleszevadees.com\/wp-content\/uploads\/2025\/09\/DSC_1157-r-scaled-e1757349775688-1024x512.jpg\" alt=\"\" class=\"wp-image-899\" srcset=\"https:\/\/www.cieleszevadees.com\/wp-content\/uploads\/2025\/09\/DSC_1157-r-scaled-e1757349775688-1024x512.jpg 1024w, https:\/\/www.cieleszevadees.com\/wp-content\/uploads\/2025\/09\/DSC_1157-r-scaled-e1757349775688-300x150.jpg 300w, https:\/\/www.cieleszevadees.com\/wp-content\/uploads\/2025\/09\/DSC_1157-r-scaled-e1757349775688-768x384.jpg 768w, https:\/\/www.cieleszevadees.com\/wp-content\/uploads\/2025\/09\/DSC_1157-r-scaled-e1757349775688-1536x768.jpg 1536w, https:\/\/www.cieleszevadees.com\/wp-content\/uploads\/2025\/09\/DSC_1157-r-scaled-e1757349775688-2048x1024.jpg 2048w\" sizes=\"auto, (max-width: 1024px) 100vw, 1024px\" \/><\/figure>\n\n\n\n<figure class=\"wp-block-image size-large\"><img loading=\"lazy\" decoding=\"async\" width=\"1024\" height=\"684\" data-id=\"917\" src=\"https:\/\/www.cieleszevadees.com\/wp-content\/uploads\/2025\/09\/ZAD-2025_ateliers-2-1024x684.jpg\" alt=\"\" class=\"wp-image-917\" srcset=\"https:\/\/www.cieleszevadees.com\/wp-content\/uploads\/2025\/09\/ZAD-2025_ateliers-2-1024x684.jpg 1024w, https:\/\/www.cieleszevadees.com\/wp-content\/uploads\/2025\/09\/ZAD-2025_ateliers-2-300x200.jpg 300w, https:\/\/www.cieleszevadees.com\/wp-content\/uploads\/2025\/09\/ZAD-2025_ateliers-2-768x513.jpg 768w, https:\/\/www.cieleszevadees.com\/wp-content\/uploads\/2025\/09\/ZAD-2025_ateliers-2-1536x1026.jpg 1536w, https:\/\/www.cieleszevadees.com\/wp-content\/uploads\/2025\/09\/ZAD-2025_ateliers-2-2048x1368.jpg 2048w\" sizes=\"auto, (max-width: 1024px) 100vw, 1024px\" \/><\/figure>\n\n\n\n<figure class=\"wp-block-image size-large\"><img loading=\"lazy\" decoding=\"async\" width=\"1024\" height=\"665\" data-id=\"918\" src=\"https:\/\/www.cieleszevadees.com\/wp-content\/uploads\/2025\/09\/ZAD-2025_ateliers-8-1024x665.jpg\" alt=\"\" class=\"wp-image-918\" srcset=\"https:\/\/www.cieleszevadees.com\/wp-content\/uploads\/2025\/09\/ZAD-2025_ateliers-8-1024x665.jpg 1024w, https:\/\/www.cieleszevadees.com\/wp-content\/uploads\/2025\/09\/ZAD-2025_ateliers-8-300x195.jpg 300w, https:\/\/www.cieleszevadees.com\/wp-content\/uploads\/2025\/09\/ZAD-2025_ateliers-8-768x499.jpg 768w, https:\/\/www.cieleszevadees.com\/wp-content\/uploads\/2025\/09\/ZAD-2025_ateliers-8-1536x998.jpg 1536w, https:\/\/www.cieleszevadees.com\/wp-content\/uploads\/2025\/09\/ZAD-2025_ateliers-8-2048x1330.jpg 2048w\" sizes=\"auto, (max-width: 1024px) 100vw, 1024px\" \/><\/figure>\n\n\n\n<figure class=\"wp-block-image size-large\"><img loading=\"lazy\" decoding=\"async\" width=\"1024\" height=\"667\" data-id=\"919\" src=\"https:\/\/www.cieleszevadees.com\/wp-content\/uploads\/2025\/09\/ZAD-2025_ateliers-16-1024x667.jpg\" alt=\"\" class=\"wp-image-919\" srcset=\"https:\/\/www.cieleszevadees.com\/wp-content\/uploads\/2025\/09\/ZAD-2025_ateliers-16-1024x667.jpg 1024w, https:\/\/www.cieleszevadees.com\/wp-content\/uploads\/2025\/09\/ZAD-2025_ateliers-16-300x195.jpg 300w, https:\/\/www.cieleszevadees.com\/wp-content\/uploads\/2025\/09\/ZAD-2025_ateliers-16-768x500.jpg 768w, https:\/\/www.cieleszevadees.com\/wp-content\/uploads\/2025\/09\/ZAD-2025_ateliers-16-1536x1001.jpg 1536w, https:\/\/www.cieleszevadees.com\/wp-content\/uploads\/2025\/09\/ZAD-2025_ateliers-16-2048x1334.jpg 2048w\" sizes=\"auto, (max-width: 1024px) 100vw, 1024px\" \/><\/figure>\n<\/figure>\n\n\n\n<p class=\"has-text-align-left has-system-font-font-family has-small-font-size\" style=\"margin-top:var(--wp--preset--spacing--30);margin-bottom:var(--wp--preset--spacing--30)\">Un grand merci aux artistes de l&rsquo;\u00e9dition 2025 : <\/p>\n\n\n\n<p class=\"has-text-align-left has-system-font-font-family has-small-font-size\" style=\"margin-top:var(--wp--preset--spacing--30);margin-bottom:var(--wp--preset--spacing--30)\"><em>Elsa Morineaux, Claire Lamothe de la HBBB cie, Ambra Senatore du CCN de Nantes, Camille Guillaume, Nicolas P\u00e9nicaud, Floriane Leblanc de la cie Iswame&#8230;et tous les stagiaires !<\/em><\/p>\n\n\n\n<p class=\"has-text-align-left has-system-font-font-family has-small-font-size\" style=\"margin-top:var(--wp--preset--spacing--30);margin-bottom:var(--wp--preset--spacing--30)\"><\/p>\n\n\n\n<p class=\"has-system-font-font-family\">Direction artistique : Cathy H\u00e9rouard et M\u00e9lissa Martinez<br>Equipe organisatrice : Cathy H\u00e9rouard, M\u00e9lissa Martinez et David Martinez<br>Technique : Ludovic Moulinard<br>Vid\u00e9o : Ga\u00ebl Delpech<br>Photos : Jacques Bialik et Plateau_1<br>Merci aux b\u00e9n\u00e9voles pr\u00e9sents lors de cette deuxi\u00e8me \u00e9dition. <\/p>\n\n\n\n<p class=\"has-system-font-font-family\">Merci \u00e0 la CAB et \u00e0 l&rsquo;\u00e9quipe technique de l&rsquo;espace Fran\u00e7ois Mitterrand de Bergerac.<\/p>\n\n\n\n<p class=\"has-system-font-font-family\">Un grand merci \u00e9galement \u00e0 l&rsquo;association De la t\u00eate au pied et \u00e0 toute l&rsquo;\u00e9quipe de la salle du p&rsquo;tit chat noir de Bergerac<\/p>\n","protected":false},"excerpt":{"rendered":"<p>RETOUR SUR LA DEUXIEME \u00a0\u00c9DITION DU FESTIVAL ! PROCHAINE \u00a0\u00c9DITION : du 24 au 26 avril 2026 \u00c9vadez vous ! La Zone \u00c0 Danser est un festival de danse contemporaine organis\u00e9 par la Compagnie les Z\u2019\u00e9vad\u00e9es et l\u2019Association Ribambelle \u00e0 Queyssac et \u00e0 Bergerac. Sa volont\u00e9 est de pouvoir m\u00e9langer et faire se rencontrer les [&hellip;]<\/p>\n","protected":false},"author":1,"featured_media":899,"parent":829,"menu_order":0,"comment_status":"closed","ping_status":"closed","template":"","meta":{"footnotes":""},"class_list":["post-2","page","type-page","status-publish","has-post-thumbnail","hentry"],"_links":{"self":[{"href":"https:\/\/www.cieleszevadees.com\/index.php\/wp-json\/wp\/v2\/pages\/2","targetHints":{"allow":["GET"]}}],"collection":[{"href":"https:\/\/www.cieleszevadees.com\/index.php\/wp-json\/wp\/v2\/pages"}],"about":[{"href":"https:\/\/www.cieleszevadees.com\/index.php\/wp-json\/wp\/v2\/types\/page"}],"author":[{"embeddable":true,"href":"https:\/\/www.cieleszevadees.com\/index.php\/wp-json\/wp\/v2\/users\/1"}],"replies":[{"embeddable":true,"href":"https:\/\/www.cieleszevadees.com\/index.php\/wp-json\/wp\/v2\/comments?post=2"}],"version-history":[{"count":90,"href":"https:\/\/www.cieleszevadees.com\/index.php\/wp-json\/wp\/v2\/pages\/2\/revisions"}],"predecessor-version":[{"id":924,"href":"https:\/\/www.cieleszevadees.com\/index.php\/wp-json\/wp\/v2\/pages\/2\/revisions\/924"}],"up":[{"embeddable":true,"href":"https:\/\/www.cieleszevadees.com\/index.php\/wp-json\/wp\/v2\/pages\/829"}],"wp:featuredmedia":[{"embeddable":true,"href":"https:\/\/www.cieleszevadees.com\/index.php\/wp-json\/wp\/v2\/media\/899"}],"wp:attachment":[{"href":"https:\/\/www.cieleszevadees.com\/index.php\/wp-json\/wp\/v2\/media?parent=2"}],"curies":[{"name":"wp","href":"https:\/\/api.w.org\/{rel}","templated":true}]}}