{"id":18,"date":"2024-07-06T11:11:36","date_gmt":"2024-07-06T09:11:36","guid":{"rendered":"http:\/\/www.cieleszevadees.com\/index.php\/front_page\/"},"modified":"2026-01-04T15:21:49","modified_gmt":"2026-01-04T14:21:49","slug":"front_page","status":"publish","type":"page","link":"https:\/\/www.cieleszevadees.com\/","title":{"rendered":""},"content":{"rendered":"\n<figure class=\"wp-block-image size-full\" style=\"margin-top:0;margin-bottom:0\"><img loading=\"lazy\" decoding=\"async\" width=\"960\" height=\"640\" src=\"http:\/\/www.cieleszevadees.com\/wp-content\/uploads\/2024\/07\/image-3.jpeg\" alt=\"L\u2019attribut alt de cette image est vide, son nom de fichier est 20046744_550120958711727_2628165357102320288_n-1.jpg.\" class=\"wp-image-197\" srcset=\"https:\/\/www.cieleszevadees.com\/wp-content\/uploads\/2024\/07\/image-3.jpeg 960w, https:\/\/www.cieleszevadees.com\/wp-content\/uploads\/2024\/07\/image-3-300x200.jpeg 300w, https:\/\/www.cieleszevadees.com\/wp-content\/uploads\/2024\/07\/image-3-768x512.jpeg 768w\" sizes=\"auto, (max-width: 960px) 100vw, 960px\" \/><\/figure>\n\n\n\n<p class=\"has-system-font-font-family\" style=\"font-size:0.6rem;font-style:normal;font-weight:300\">cr\u00e9dit photo: M. Visconti<\/p>\n\n\n\n<p><\/p>\n\n\n\n<pre class=\"wp-block-verse has-text-align-center has-bad-script-font-family\" style=\"padding-top:var(--wp--preset--spacing--30);padding-bottom:var(--wp--preset--spacing--30);font-size:clamp(1.79rem, 1.79rem + ((1vw - 0.2rem) * 2.382), 3.1rem);\">Nos prochaines Z'\u00e9vasions \n<\/pre>\n\n\n\n<pre class=\"wp-block-verse\"><br><\/pre>\n\n\n\n<p class=\"has-bad-script-font-family\">17 janvier au 8 mars 2026 : <em><strong>\u00c7a tourne pas rond <\/strong><\/em><\/p>\n\n\n\n<p class=\"has-base-color has-text-color has-link-color has-bad-script-font-family wp-elements-b2cd32987cf5283800c95e3d9d60c501\">Th\u00e9\u00e2tre la crois\u00e9e des chemins, Paris (19 \u00e8me). <\/p>\n\n\n\n<p class=\"has-base-color has-text-color has-link-color has-bad-script-font-family wp-elements-105229aa1b05ac02283ed50d7ca41373\">Repr\u00e9sentations tous les samedis et dimanches \u00e0 17h. Infos et r\u00e9sas <a href=\"https:\/\/www.theatrelacroiseedeschemins.com\/programmation\/-%C3%A7a-tourne-pas-rond\" data-type=\"link\" data-id=\"https:\/\/www.theatrelacroiseedeschemins.com\/programmation\/-%C3%A7a-tourne-pas-rond\">ICI<\/a><\/p>\n\n\n\n<p><\/p>\n\n\n\n<pre class=\"wp-block-verse\"><\/pre>\n\n\n\n<p class=\"has-bad-script-font-family\"><\/p>\n\n\n\n<p class=\"has-bad-script-font-family\"><br>13 mars 2026 : <em><strong>Poudres aux yeux<\/strong><\/em><\/p>\n\n\n\n<p class=\"has-bad-script-font-family\">Repr\u00e9sentation (scolaire et tout public), Espace Fran\u00e7ois Mitterrand, Bergerac.<br><br>Mars &#8211; Avril 2026 : cycle <strong>ateliers chor\u00e9graphiques \u00ab\u00a0Etincelles\u00a0\u00bb.<\/strong><\/p>\n\n\n\n<pre class=\"wp-block-verse\"><br><\/pre>\n\n\n\n<pre class=\"wp-block-verse has-bad-script-font-family\">17 avril : <em><strong>F\u00eal\u00e9es<\/strong><\/em><br>Sortie de r\u00e9sidence au th\u00e9\u00e2tre le Paradis, galerie verbale, P\u00e9rigueux.<\/pre>\n\n\n\n<p class=\"has-bad-script-font-family\"><\/p>\n\n\n\n<p class=\"has-bad-script-font-family\"><br>24 au 26 avril 2026 : <strong><em>Festival Zone \u00c0 Danser<\/em><\/strong>, Queyssac et Bergerac.<br><\/p>\n","protected":false},"excerpt":{"rendered":"<p>cr\u00e9dit photo: M. Visconti Nos prochaines Z&rsquo;\u00e9vasions 17 janvier au 8 mars 2026 : \u00c7a tourne pas rond Th\u00e9\u00e2tre la crois\u00e9e des chemins, Paris (19 \u00e8me). Repr\u00e9sentations tous les samedis et dimanches \u00e0 17h. Infos et r\u00e9sas ICI 13 mars 2026 : Poudres aux yeux Repr\u00e9sentation (scolaire et tout public), Espace Fran\u00e7ois Mitterrand, Bergerac. Mars [&hellip;]<\/p>\n","protected":false},"author":1,"featured_media":0,"parent":0,"menu_order":0,"comment_status":"closed","ping_status":"closed","template":"","meta":{"footnotes":""},"class_list":["post-18","page","type-page","status-publish","hentry"],"_links":{"self":[{"href":"https:\/\/www.cieleszevadees.com\/index.php\/wp-json\/wp\/v2\/pages\/18","targetHints":{"allow":["GET"]}}],"collection":[{"href":"https:\/\/www.cieleszevadees.com\/index.php\/wp-json\/wp\/v2\/pages"}],"about":[{"href":"https:\/\/www.cieleszevadees.com\/index.php\/wp-json\/wp\/v2\/types\/page"}],"author":[{"embeddable":true,"href":"https:\/\/www.cieleszevadees.com\/index.php\/wp-json\/wp\/v2\/users\/1"}],"replies":[{"embeddable":true,"href":"https:\/\/www.cieleszevadees.com\/index.php\/wp-json\/wp\/v2\/comments?post=18"}],"version-history":[{"count":35,"href":"https:\/\/www.cieleszevadees.com\/index.php\/wp-json\/wp\/v2\/pages\/18\/revisions"}],"predecessor-version":[{"id":960,"href":"https:\/\/www.cieleszevadees.com\/index.php\/wp-json\/wp\/v2\/pages\/18\/revisions\/960"}],"wp:attachment":[{"href":"https:\/\/www.cieleszevadees.com\/index.php\/wp-json\/wp\/v2\/media?parent=18"}],"curies":[{"name":"wp","href":"https:\/\/api.w.org\/{rel}","templated":true}]}}